{"id":2615,"date":"2020-09-07T14:15:43","date_gmt":"2020-09-07T14:15:43","guid":{"rendered":"https:\/\/firstsight.design\/cherie\/beauty\/?post_type=product&#038;p=2615"},"modified":"2023-03-30T23:34:27","modified_gmt":"2023-03-30T23:34:27","slug":"physical-gift-card","status":"publish","type":"product","link":"https:\/\/adorebeautylounge.ae\/fr\/produit\/carte-cadeau-physique\/","title":{"rendered":"Carte-cadeau physique"},"content":{"rendered":"<p>En cas de doute sur ce qu&#039;il faut acheter en cadeau, c&#039;est la meilleure option. Nos cartes-cadeaux n&#039;ont pas de date d&#039;expiration et peuvent \u00eatre utilis\u00e9es pour payer tous les services dans notre studio de beaut\u00e9 ou dans notre boutique de cosm\u00e9tiques. Le montant est flexible et vous pouvez personnaliser votre carte-cadeau avec un message.<\/p>","protected":false},"excerpt":{"rendered":"<p>En cas de doute sur ce qu&#039;il faut acheter en cadeau, c&#039;est la meilleure option. Nos cartes-cadeaux n&#039;ont pas de date d&#039;expiration et peuvent \u00eatre utilis\u00e9es pour payer tous les services dans notre studio de beaut\u00e9 ou dans notre boutique de cosm\u00e9tiques. Le montant est flexible et vous pouvez personnaliser votre carte-cadeau avec un message.<\/p>","protected":false},"featured_media":4071,"comment_status":"open","ping_status":"closed","template":"","meta":{"_acf_changed":false,"inline_featured_image":false},"product_brand":[],"product_cat":[135,136,137,138,141],"product_tag":[],"class_list":{"0":"post-2615","1":"product","2":"type-product","3":"status-publish","4":"has-post-thumbnail","6":"product_cat-body","7":"product_cat-fragrance","8":"product_cat-hair","9":"product_cat-makeup","10":"product_cat-skincare","12":"first","13":"instock","14":"shipping-taxable","15":"purchasable","16":"product-type-simple"},"acf":[],"yoast_head":"<!-- This site is optimized with the Yoast SEO plugin v26.9 - https:\/\/yoast.com\/product\/yoast-seo-wordpress\/ -->\n<title>Physical Gift Card - Adore Beauty<\/title>\n<meta name=\"robots\" content=\"index, follow, max-snippet:-1, max-image-preview:large, max-video-preview:-1\" \/>\n<link rel=\"canonical\" href=\"http:\/\/box5216.temp.domains\/~adorebe1\/product\/physical-gift-card\/\" \/>\n<meta property=\"og:locale\" content=\"fr_FR\" \/>\n<meta property=\"og:type\" content=\"article\" \/>\n<meta property=\"og:title\" content=\"Physical Gift Card - Adore Beauty\" \/>\n<meta property=\"og:description\" content=\"When in doubt what to buy as a gift, this is the best option. Our gift cards have no expiration date and can be used to pay for all the services in our beauty studio or in our cosmetic shop. Amount is flexible and you can personalize your gift card with a message.\" \/>\n<meta property=\"og:url\" content=\"http:\/\/box5216.temp.domains\/~adorebe1\/product\/physical-gift-card\/\" \/>\n<meta property=\"og:site_name\" content=\"Adore Beauty\" \/>\n<meta property=\"article:modified_time\" content=\"2023-03-30T23:34:27+00:00\" \/>\n<meta property=\"og:image\" content=\"http:\/\/box5216.temp.domains\/~adorebe1\/wp-content\/uploads\/2020\/09\/ADOREGIFTCARD.jpg\" \/>\n\t<meta property=\"og:image:width\" content=\"1000\" \/>\n\t<meta property=\"og:image:height\" content=\"1000\" \/>\n\t<meta property=\"og:image:type\" content=\"image\/jpeg\" \/>\n<meta name=\"twitter:card\" content=\"summary_large_image\" \/>\n<meta name=\"twitter:label1\" content=\"Dur\u00e9e de lecture estim\u00e9e\" \/>\n\t<meta name=\"twitter:data1\" content=\"1 minute\" \/>\n<script type=\"application\/ld+json\" class=\"yoast-schema-graph\">{\"@context\":\"https:\/\/schema.org\",\"@graph\":[{\"@type\":\"WebPage\",\"@id\":\"http:\/\/box5216.temp.domains\/~adorebe1\/product\/physical-gift-card\/\",\"url\":\"http:\/\/box5216.temp.domains\/~adorebe1\/product\/physical-gift-card\/\",\"name\":\"Physical Gift Card - Adore Beauty\",\"isPartOf\":{\"@id\":\"http:\/\/box5216.temp.domains\/~adorebe1\/#website\"},\"primaryImageOfPage\":{\"@id\":\"http:\/\/box5216.temp.domains\/~adorebe1\/product\/physical-gift-card\/#primaryimage\"},\"image\":{\"@id\":\"http:\/\/box5216.temp.domains\/~adorebe1\/product\/physical-gift-card\/#primaryimage\"},\"thumbnailUrl\":\"https:\/\/adorebeautylounge.ae\/wp-content\/uploads\/2020\/09\/ADOREGIFTCARD-e1686054346867.jpg\",\"datePublished\":\"2020-09-07T14:15:43+00:00\",\"dateModified\":\"2023-03-30T23:34:27+00:00\",\"breadcrumb\":{\"@id\":\"http:\/\/box5216.temp.domains\/~adorebe1\/product\/physical-gift-card\/#breadcrumb\"},\"inLanguage\":\"fr-FR\",\"potentialAction\":[{\"@type\":\"ReadAction\",\"target\":[\"http:\/\/box5216.temp.domains\/~adorebe1\/product\/physical-gift-card\/\"]}]},{\"@type\":\"ImageObject\",\"inLanguage\":\"fr-FR\",\"@id\":\"http:\/\/box5216.temp.domains\/~adorebe1\/product\/physical-gift-card\/#primaryimage\",\"url\":\"https:\/\/adorebeautylounge.ae\/wp-content\/uploads\/2020\/09\/ADOREGIFTCARD-e1686054346867.jpg\",\"contentUrl\":\"https:\/\/adorebeautylounge.ae\/wp-content\/uploads\/2020\/09\/ADOREGIFTCARD-e1686054346867.jpg\",\"width\":750,\"height\":347},{\"@type\":\"BreadcrumbList\",\"@id\":\"http:\/\/box5216.temp.domains\/~adorebe1\/product\/physical-gift-card\/#breadcrumb\",\"itemListElement\":[{\"@type\":\"ListItem\",\"position\":1,\"name\":\"Home\",\"item\":\"https:\/\/adorebeautylounge.ae\/en\/\"},{\"@type\":\"ListItem\",\"position\":2,\"name\":\"Carefully Selected Beauty Products\",\"item\":\"http:\/\/box5216.temp.domains\/~adorebe1\/shop\/\"},{\"@type\":\"ListItem\",\"position\":3,\"name\":\"Physical Gift Card\"}]},{\"@type\":\"WebSite\",\"@id\":\"http:\/\/box5216.temp.domains\/~adorebe1\/#website\",\"url\":\"http:\/\/box5216.temp.domains\/~adorebe1\/\",\"name\":\"Adore Beauty\",\"description\":\"\",\"potentialAction\":[{\"@type\":\"SearchAction\",\"target\":{\"@type\":\"EntryPoint\",\"urlTemplate\":\"http:\/\/box5216.temp.domains\/~adorebe1\/?s={search_term_string}\"},\"query-input\":{\"@type\":\"PropertyValueSpecification\",\"valueRequired\":true,\"valueName\":\"search_term_string\"}}],\"inLanguage\":\"fr-FR\"}]}<\/script>\n<!-- \/ Yoast SEO plugin. -->","yoast_head_json":{"title":"Physical Gift Card - Adore Beauty","robots":{"index":"index","follow":"follow","max-snippet":"max-snippet:-1","max-image-preview":"max-image-preview:large","max-video-preview":"max-video-preview:-1"},"canonical":"http:\/\/box5216.temp.domains\/~adorebe1\/product\/physical-gift-card\/","og_locale":"fr_FR","og_type":"article","og_title":"Physical Gift Card - Adore Beauty","og_description":"When in doubt what to buy as a gift, this is the best option. Our gift cards have no expiration date and can be used to pay for all the services in our beauty studio or in our cosmetic shop. Amount is flexible and you can personalize your gift card with a message.","og_url":"http:\/\/box5216.temp.domains\/~adorebe1\/product\/physical-gift-card\/","og_site_name":"Adore Beauty","article_modified_time":"2023-03-30T23:34:27+00:00","og_image":[{"width":1000,"height":1000,"url":"http:\/\/box5216.temp.domains\/~adorebe1\/wp-content\/uploads\/2020\/09\/ADOREGIFTCARD.jpg","type":"image\/jpeg"}],"twitter_card":"summary_large_image","twitter_misc":{"Dur\u00e9e de lecture estim\u00e9e":"1 minute"},"schema":{"@context":"https:\/\/schema.org","@graph":[{"@type":"WebPage","@id":"http:\/\/box5216.temp.domains\/~adorebe1\/product\/physical-gift-card\/","url":"http:\/\/box5216.temp.domains\/~adorebe1\/product\/physical-gift-card\/","name":"Physical Gift Card - Adore Beauty","isPartOf":{"@id":"http:\/\/box5216.temp.domains\/~adorebe1\/#website"},"primaryImageOfPage":{"@id":"http:\/\/box5216.temp.domains\/~adorebe1\/product\/physical-gift-card\/#primaryimage"},"image":{"@id":"http:\/\/box5216.temp.domains\/~adorebe1\/product\/physical-gift-card\/#primaryimage"},"thumbnailUrl":"https:\/\/adorebeautylounge.ae\/wp-content\/uploads\/2020\/09\/ADOREGIFTCARD-e1686054346867.jpg","datePublished":"2020-09-07T14:15:43+00:00","dateModified":"2023-03-30T23:34:27+00:00","breadcrumb":{"@id":"http:\/\/box5216.temp.domains\/~adorebe1\/product\/physical-gift-card\/#breadcrumb"},"inLanguage":"fr-FR","potentialAction":[{"@type":"ReadAction","target":["http:\/\/box5216.temp.domains\/~adorebe1\/product\/physical-gift-card\/"]}]},{"@type":"ImageObject","inLanguage":"fr-FR","@id":"http:\/\/box5216.temp.domains\/~adorebe1\/product\/physical-gift-card\/#primaryimage","url":"https:\/\/adorebeautylounge.ae\/wp-content\/uploads\/2020\/09\/ADOREGIFTCARD-e1686054346867.jpg","contentUrl":"https:\/\/adorebeautylounge.ae\/wp-content\/uploads\/2020\/09\/ADOREGIFTCARD-e1686054346867.jpg","width":750,"height":347},{"@type":"BreadcrumbList","@id":"http:\/\/box5216.temp.domains\/~adorebe1\/product\/physical-gift-card\/#breadcrumb","itemListElement":[{"@type":"ListItem","position":1,"name":"Home","item":"https:\/\/adorebeautylounge.ae\/en\/"},{"@type":"ListItem","position":2,"name":"Carefully Selected Beauty Products","item":"http:\/\/box5216.temp.domains\/~adorebe1\/shop\/"},{"@type":"ListItem","position":3,"name":"Physical Gift Card"}]},{"@type":"WebSite","@id":"http:\/\/box5216.temp.domains\/~adorebe1\/#website","url":"http:\/\/box5216.temp.domains\/~adorebe1\/","name":"Adore Beauty","description":"","potentialAction":[{"@type":"SearchAction","target":{"@type":"EntryPoint","urlTemplate":"http:\/\/box5216.temp.domains\/~adorebe1\/?s={search_term_string}"},"query-input":{"@type":"PropertyValueSpecification","valueRequired":true,"valueName":"search_term_string"}}],"inLanguage":"fr-FR"}]}},"_links":{"self":[{"href":"https:\/\/adorebeautylounge.ae\/fr\/wp-json\/wp\/v2\/product\/2615","targetHints":{"allow":["GET"]}}],"collection":[{"href":"https:\/\/adorebeautylounge.ae\/fr\/wp-json\/wp\/v2\/product"}],"about":[{"href":"https:\/\/adorebeautylounge.ae\/fr\/wp-json\/wp\/v2\/types\/product"}],"replies":[{"embeddable":true,"href":"https:\/\/adorebeautylounge.ae\/fr\/wp-json\/wp\/v2\/comments?post=2615"}],"version-history":[{"count":1,"href":"https:\/\/adorebeautylounge.ae\/fr\/wp-json\/wp\/v2\/product\/2615\/revisions"}],"predecessor-version":[{"id":4074,"href":"https:\/\/adorebeautylounge.ae\/fr\/wp-json\/wp\/v2\/product\/2615\/revisions\/4074"}],"wp:featuredmedia":[{"embeddable":true,"href":"https:\/\/adorebeautylounge.ae\/fr\/wp-json\/wp\/v2\/media\/4071"}],"wp:attachment":[{"href":"https:\/\/adorebeautylounge.ae\/fr\/wp-json\/wp\/v2\/media?parent=2615"}],"wp:term":[{"taxonomy":"product_brand","embeddable":true,"href":"https:\/\/adorebeautylounge.ae\/fr\/wp-json\/wp\/v2\/product_brand?post=2615"},{"taxonomy":"product_cat","embeddable":true,"href":"https:\/\/adorebeautylounge.ae\/fr\/wp-json\/wp\/v2\/product_cat?post=2615"},{"taxonomy":"product_tag","embeddable":true,"href":"https:\/\/adorebeautylounge.ae\/fr\/wp-json\/wp\/v2\/product_tag?post=2615"}],"curies":[{"name":"wp","href":"https:\/\/api.w.org\/{rel}","templated":true}]}}