{"id":4916,"date":"2023-06-22T09:29:41","date_gmt":"2023-06-22T09:29:41","guid":{"rendered":"https:\/\/adorebeautylounge.ae\/?page_id=4916"},"modified":"2023-09-30T09:52:02","modified_gmt":"2023-09-30T09:52:02","slug":"body-care","status":"publish","type":"page","link":"https:\/\/adorebeautylounge.ae\/fr\/soin-du-corps\/","title":{"rendered":"Soin du corps"},"content":{"rendered":"<div data-elementor-type=\"wp-page\" data-elementor-id=\"4916\" class=\"elementor elementor-4916\" data-elementor-post-type=\"page\">\n\t\t\t\t\t\t<section class=\"elementor-section elementor-top-section elementor-element elementor-element-9214a6c elementor-section-boxed elementor-section-height-default elementor-section-height-default\" data-id=\"9214a6c\" data-element_type=\"section\" data-settings=\"{&quot;background_background&quot;:&quot;classic&quot;}\">\n\t\t\t\t\t\t\t<div class=\"elementor-background-overlay\"><\/div>\n\t\t\t\t\t\t\t<div class=\"elementor-container elementor-column-gap-default\">\n\t\t\t\t\t<div class=\"elementor-column elementor-col-100 elementor-top-column elementor-element elementor-element-15ff363\" data-id=\"15ff363\" data-element_type=\"column\">\n\t\t\t<div class=\"elementor-widget-wrap elementor-element-populated\">\n\t\t\t\t\t\t<div class=\"elementor-element elementor-element-af4f439 elementor-widget elementor-widget-spacer\" data-id=\"af4f439\" data-element_type=\"widget\" data-widget_type=\"spacer.default\">\n\t\t\t\t<div class=\"elementor-widget-container\">\n\t\t\t\t\t\t\t<div class=\"elementor-spacer\">\n\t\t\t<div class=\"elementor-spacer-inner\"><\/div>\n\t\t<\/div>\n\t\t\t\t\t\t<\/div>\n\t\t\t\t<\/div>\n\t\t\t\t\t<\/div>\n\t\t<\/div>\n\t\t\t\t\t<\/div>\n\t\t<\/section>\n\t\t\t\t<section class=\"elementor-section elementor-top-section elementor-element elementor-element-9a57ce1 elementor-section-full_width elementor-section-stretched elementor-section-height-default elementor-section-height-default\" data-id=\"9a57ce1\" data-element_type=\"section\" data-settings=\"{&quot;stretch_section&quot;:&quot;section-stretched&quot;}\">\n\t\t\t\t\t\t<div class=\"elementor-container elementor-column-gap-default\">\n\t\t\t\t\t<div class=\"elementor-column elementor-col-50 elementor-top-column elementor-element elementor-element-e4fff96\" data-id=\"e4fff96\" data-element_type=\"column\">\n\t\t\t<div class=\"elementor-widget-wrap elementor-element-populated\">\n\t\t\t\t\t\t<div class=\"elementor-element elementor-element-ebf9251 elementor-arrows-position-inside elementor-widget elementor-widget-image-carousel\" data-id=\"ebf9251\" data-element_type=\"widget\" data-settings=\"{&quot;slides_to_show&quot;:&quot;1&quot;,&quot;navigation&quot;:&quot;arrows&quot;,&quot;autoplay_speed&quot;:3000,&quot;effect&quot;:&quot;fade&quot;,&quot;autoplay&quot;:&quot;yes&quot;,&quot;pause_on_hover&quot;:&quot;yes&quot;,&quot;pause_on_interaction&quot;:&quot;yes&quot;,&quot;infinite&quot;:&quot;yes&quot;,&quot;speed&quot;:500}\" data-widget_type=\"image-carousel.default\">\n\t\t\t\t<div class=\"elementor-widget-container\">\n\t\t\t\t\t\t\t<div class=\"elementor-image-carousel-wrapper swiper\" role=\"region\" aria-roledescription=\"carousel\" aria-label=\"Carrousel d&#039;images\" dir=\"ltr\">\n\t\t\t<div class=\"elementor-image-carousel swiper-wrapper swiper-image-stretch\" aria-live=\"off\">\n\t\t\t\t\t\t\t\t<div class=\"swiper-slide\" role=\"group\" aria-roledescription=\"slide\" aria-label=\"1 sur 3\"><figure class=\"swiper-slide-inner\"><img decoding=\"async\" class=\"swiper-slide-image\" src=\"https:\/\/adorebeautylounge.ae\/wp-content\/uploads\/2023\/09\/DSC08581-Large-10-1024x682.jpeg\" alt=\"DSC08581-Grand\" \/><\/figure><\/div><div class=\"swiper-slide\" role=\"group\" aria-roledescription=\"slide\" aria-label=\"2 sur 3\"><figure class=\"swiper-slide-inner\"><img decoding=\"async\" class=\"swiper-slide-image\" src=\"https:\/\/adorebeautylounge.ae\/wp-content\/uploads\/2023\/09\/DSC08581-Large-11-1024x682.jpeg\" alt=\"DSC08581-Grand\" \/><\/figure><\/div><div class=\"swiper-slide\" role=\"group\" aria-roledescription=\"slide\" aria-label=\"3 sur 3\"><figure class=\"swiper-slide-inner\"><img decoding=\"async\" class=\"swiper-slide-image\" src=\"https:\/\/adorebeautylounge.ae\/wp-content\/uploads\/2023\/09\/DSC08581-Large-12-1024x682.jpeg\" alt=\"DSC08581-Grand\" \/><\/figure><\/div>\t\t\t<\/div>\n\t\t\t\t\t\t\t\t\t\t\t\t<div class=\"elementor-swiper-button elementor-swiper-button-prev\" role=\"button\" tabindex=\"0\">\n\t\t\t\t\t\t<i aria-hidden=\"true\" class=\"eicon-chevron-left\"><\/i>\t\t\t\t\t<\/div>\n\t\t\t\t\t<div class=\"elementor-swiper-button elementor-swiper-button-next\" role=\"button\" tabindex=\"0\">\n\t\t\t\t\t\t<i aria-hidden=\"true\" class=\"eicon-chevron-right\"><\/i>\t\t\t\t\t<\/div>\n\t\t\t\t\n\t\t\t\t\t\t\t\t\t<\/div>\n\t\t\t\t\t\t<\/div>\n\t\t\t\t<\/div>\n\t\t\t\t\t<\/div>\n\t\t<\/div>\n\t\t\t\t<div class=\"elementor-column elementor-col-50 elementor-top-column elementor-element elementor-element-3f453b2\" data-id=\"3f453b2\" data-element_type=\"column\">\n\t\t\t<div class=\"elementor-widget-wrap elementor-element-populated\">\n\t\t\t\t\t\t<div class=\"elementor-element elementor-element-316c539 elementor-widget elementor-widget-heading\" data-id=\"316c539\" data-element_type=\"widget\" data-widget_type=\"heading.default\">\n\t\t\t\t<div class=\"elementor-widget-container\">\n\t\t\t\t\t<h2 class=\"elementor-heading-title elementor-size-default\">Soin du corps<\/h2>\t\t\t\t<\/div>\n\t\t\t\t<\/div>\n\t\t\t\t<div class=\"elementor-element elementor-element-b26ae69 elementor-widget-divider--view-line elementor-widget elementor-widget-divider\" data-id=\"b26ae69\" data-element_type=\"widget\" data-widget_type=\"divider.default\">\n\t\t\t\t<div class=\"elementor-widget-container\">\n\t\t\t\t\t\t\t<div class=\"elementor-divider\">\n\t\t\t<span class=\"elementor-divider-separator\">\n\t\t\t\t\t\t<\/span>\n\t\t<\/div>\n\t\t\t\t\t\t<\/div>\n\t\t\t\t<\/div>\n\t\t\t\t<div class=\"elementor-element elementor-element-a1cea53 elementor-widget elementor-widget-text-editor\" data-id=\"a1cea53\" data-element_type=\"widget\" data-widget_type=\"text-editor.default\">\n\t\t\t\t<div class=\"elementor-widget-container\">\n\t\t\t\t\t\t\t\t\t<p>Adore Beauty Lounge propose des services de soins du corps et de massage, tels que des massages su\u00e9dois, des tissus profonds, aux pierres chaudes et d&#039;aromath\u00e9rapie, ainsi que des gommages et des enveloppements corporels. Ils utilisent des produits et des outils de qualit\u00e9 sup\u00e9rieure pour garantir les meilleurs r\u00e9sultats et offrir aux clients un environnement confortable et paisible pour se d\u00e9tendre et se ressourcer.<\/p>\t\t\t\t\t\t\t\t<\/div>\n\t\t\t\t<\/div>\n\t\t\t\t<div class=\"elementor-element elementor-element-82f1aa7 elementor-widget__width-auto elementor-widget-mobile__width-auto elementor-widget elementor-widget-button\" data-id=\"82f1aa7\" data-element_type=\"widget\" data-widget_type=\"button.default\">\n\t\t\t\t<div class=\"elementor-widget-container\">\n\t\t\t\t\t\t\t\t\t<div class=\"elementor-button-wrapper\">\n\t\t\t\t\t<a class=\"elementor-button elementor-button-link elementor-size-sm\" href=\"https:\/\/adorebeautylounge.ae\/fr\/reservation\/\">\n\t\t\t\t\t\t<span class=\"elementor-button-content-wrapper\">\n\t\t\t\t\t\t\t\t\t<span class=\"elementor-button-text\">Prendre rendez-vous<\/span>\n\t\t\t\t\t<\/span>\n\t\t\t\t\t<\/a>\n\t\t\t\t<\/div>\n\t\t\t\t\t\t\t\t<\/div>\n\t\t\t\t<\/div>\n\t\t\t\t<div class=\"elementor-element elementor-element-47ec50d elementor-widget__width-auto elementor-widget-mobile__width-auto elementor-widget elementor-widget-button\" data-id=\"47ec50d\" data-element_type=\"widget\" data-widget_type=\"button.default\">\n\t\t\t\t<div class=\"elementor-widget-container\">\n\t\t\t\t\t\t\t\t\t<div class=\"elementor-button-wrapper\">\n\t\t\t\t\t<a class=\"elementor-button elementor-button-link elementor-size-sm\" href=\"https:\/\/wa.me\/971504487289?text=Hiwehaveaqueryaboutyourservice\">\n\t\t\t\t\t\t<span class=\"elementor-button-content-wrapper\">\n\t\t\t\t\t\t<span class=\"elementor-button-icon\">\n\t\t\t\t<i aria-hidden=\"true\" class=\"fab fa-whatsapp\"><\/i>\t\t\t<\/span>\n\t\t\t\t\t\t\t\t\t<span class=\"elementor-button-text\">Whatsapp<\/span>\n\t\t\t\t\t<\/span>\n\t\t\t\t\t<\/a>\n\t\t\t\t<\/div>\n\t\t\t\t\t\t\t\t<\/div>\n\t\t\t\t<\/div>\n\t\t\t\t\t<\/div>\n\t\t<\/div>\n\t\t\t\t\t<\/div>\n\t\t<\/section>\n\t\t\t\t<\/div>","protected":false},"excerpt":{"rendered":"<p>Soins du corps Adore Beauty Lounge propose des services de soins du corps et de massage, tels que des massages su\u00e9dois, des tissus profonds, aux pierres chaudes et de l&#039;aromath\u00e9rapie, ainsi que des gommages et des enveloppements corporels. Ils utilisent des produits et des outils de qualit\u00e9 sup\u00e9rieure pour garantir les meilleurs r\u00e9sultats et offrir aux clients un environnement confortable et paisible pour se d\u00e9tendre et se ressourcer. Prendre rendez-vous WhatsApp<\/p>","protected":false},"author":1,"featured_media":0,"parent":0,"menu_order":0,"comment_status":"closed","ping_status":"closed","template":"elementor_header_footer","meta":{"_acf_changed":false,"inline_featured_image":false,"footnotes":""},"class_list":["post-4916","page","type-page","status-publish","hentry"],"acf":[],"yoast_head":"<!-- This site is optimized with the Yoast SEO plugin v26.9 - https:\/\/yoast.com\/product\/yoast-seo-wordpress\/ -->\n<title>Holistic Body Treatments | Adore Beauty Lounge in Dubai &amp; Sharjah<\/title>\n<meta name=\"description\" content=\"Indulge in a sanctuary of relaxation with our body treatments. Let Adore Beauty Lounge pamper you to perfection in Dubai &amp; Sharjah.\" \/>\n<meta name=\"robots\" content=\"index, follow, max-snippet:-1, max-image-preview:large, max-video-preview:-1\" \/>\n<link rel=\"canonical\" href=\"https:\/\/adorebeautylounge.ae\/fr\/soin-du-corps\/\" \/>\n<meta property=\"og:locale\" content=\"fr_FR\" \/>\n<meta property=\"og:type\" content=\"article\" \/>\n<meta property=\"og:title\" content=\"Holistic Body Treatments | Adore Beauty Lounge in Dubai &amp; Sharjah\" \/>\n<meta property=\"og:description\" content=\"Indulge in a sanctuary of relaxation with our body treatments. Let Adore Beauty Lounge pamper you to perfection in Dubai &amp; Sharjah.\" \/>\n<meta property=\"og:url\" content=\"https:\/\/adorebeautylounge.ae\/fr\/soin-du-corps\/\" \/>\n<meta property=\"og:site_name\" content=\"Adore Beauty\" \/>\n<meta property=\"article:modified_time\" content=\"2023-09-30T09:52:02+00:00\" \/>\n<meta property=\"og:image\" content=\"https:\/\/adorebeautylounge.ae\/wp-content\/uploads\/2023\/09\/DSC08581-Large-10-1024x682.jpeg\" \/>\n<meta name=\"twitter:card\" content=\"summary_large_image\" \/>\n<meta name=\"twitter:label1\" content=\"Dur\u00e9e de lecture estim\u00e9e\" \/>\n\t<meta name=\"twitter:data1\" content=\"2 minutes\" \/>\n<script type=\"application\/ld+json\" class=\"yoast-schema-graph\">{\"@context\":\"https:\/\/schema.org\",\"@graph\":[{\"@type\":\"WebPage\",\"@id\":\"https:\/\/adorebeautylounge.ae\/en\/body-care\/\",\"url\":\"https:\/\/adorebeautylounge.ae\/en\/body-care\/\",\"name\":\"Holistic Body Treatments | Adore Beauty Lounge in Dubai & Sharjah\",\"isPartOf\":{\"@id\":\"http:\/\/box5216.temp.domains\/~adorebe1\/#website\"},\"primaryImageOfPage\":{\"@id\":\"https:\/\/adorebeautylounge.ae\/en\/body-care\/#primaryimage\"},\"image\":{\"@id\":\"https:\/\/adorebeautylounge.ae\/en\/body-care\/#primaryimage\"},\"thumbnailUrl\":\"https:\/\/adorebeautylounge.ae\/wp-content\/uploads\/2023\/09\/DSC08581-Large-10-1024x682.jpeg\",\"datePublished\":\"2023-06-22T09:29:41+00:00\",\"dateModified\":\"2023-09-30T09:52:02+00:00\",\"description\":\"Indulge in a sanctuary of relaxation with our body treatments. Let Adore Beauty Lounge pamper you to perfection in Dubai & Sharjah.\",\"breadcrumb\":{\"@id\":\"https:\/\/adorebeautylounge.ae\/en\/body-care\/#breadcrumb\"},\"inLanguage\":\"fr-FR\",\"potentialAction\":[{\"@type\":\"ReadAction\",\"target\":[\"https:\/\/adorebeautylounge.ae\/en\/body-care\/\"]}]},{\"@type\":\"ImageObject\",\"inLanguage\":\"fr-FR\",\"@id\":\"https:\/\/adorebeautylounge.ae\/en\/body-care\/#primaryimage\",\"url\":\"https:\/\/adorebeautylounge.ae\/wp-content\/uploads\/2023\/09\/DSC08581-Large-10-1024x682.jpeg\",\"contentUrl\":\"https:\/\/adorebeautylounge.ae\/wp-content\/uploads\/2023\/09\/DSC08581-Large-10-1024x682.jpeg\"},{\"@type\":\"BreadcrumbList\",\"@id\":\"https:\/\/adorebeautylounge.ae\/en\/body-care\/#breadcrumb\",\"itemListElement\":[{\"@type\":\"ListItem\",\"position\":1,\"name\":\"Home\",\"item\":\"https:\/\/adorebeautylounge.ae\/en\/\"},{\"@type\":\"ListItem\",\"position\":2,\"name\":\"Body Care\"}]},{\"@type\":\"WebSite\",\"@id\":\"http:\/\/box5216.temp.domains\/~adorebe1\/#website\",\"url\":\"http:\/\/box5216.temp.domains\/~adorebe1\/\",\"name\":\"Adore Beauty\",\"description\":\"\",\"potentialAction\":[{\"@type\":\"SearchAction\",\"target\":{\"@type\":\"EntryPoint\",\"urlTemplate\":\"http:\/\/box5216.temp.domains\/~adorebe1\/?s={search_term_string}\"},\"query-input\":{\"@type\":\"PropertyValueSpecification\",\"valueRequired\":true,\"valueName\":\"search_term_string\"}}],\"inLanguage\":\"fr-FR\"}]}<\/script>\n<!-- \/ Yoast SEO plugin. -->","yoast_head_json":{"title":"Holistic Body Treatments | Adore Beauty Lounge in Dubai & Sharjah","description":"Indulge in a sanctuary of relaxation with our body treatments. Let Adore Beauty Lounge pamper you to perfection in Dubai & Sharjah.","robots":{"index":"index","follow":"follow","max-snippet":"max-snippet:-1","max-image-preview":"max-image-preview:large","max-video-preview":"max-video-preview:-1"},"canonical":"https:\/\/adorebeautylounge.ae\/fr\/soin-du-corps\/","og_locale":"fr_FR","og_type":"article","og_title":"Holistic Body Treatments | Adore Beauty Lounge in Dubai & Sharjah","og_description":"Indulge in a sanctuary of relaxation with our body treatments. Let Adore Beauty Lounge pamper you to perfection in Dubai & Sharjah.","og_url":"https:\/\/adorebeautylounge.ae\/fr\/soin-du-corps\/","og_site_name":"Adore Beauty","article_modified_time":"2023-09-30T09:52:02+00:00","og_image":[{"url":"https:\/\/adorebeautylounge.ae\/wp-content\/uploads\/2023\/09\/DSC08581-Large-10-1024x682.jpeg","type":"","width":"","height":""}],"twitter_card":"summary_large_image","twitter_misc":{"Dur\u00e9e de lecture estim\u00e9e":"2 minutes"},"schema":{"@context":"https:\/\/schema.org","@graph":[{"@type":"WebPage","@id":"https:\/\/adorebeautylounge.ae\/en\/body-care\/","url":"https:\/\/adorebeautylounge.ae\/en\/body-care\/","name":"Holistic Body Treatments | Adore Beauty Lounge in Dubai & Sharjah","isPartOf":{"@id":"http:\/\/box5216.temp.domains\/~adorebe1\/#website"},"primaryImageOfPage":{"@id":"https:\/\/adorebeautylounge.ae\/en\/body-care\/#primaryimage"},"image":{"@id":"https:\/\/adorebeautylounge.ae\/en\/body-care\/#primaryimage"},"thumbnailUrl":"https:\/\/adorebeautylounge.ae\/wp-content\/uploads\/2023\/09\/DSC08581-Large-10-1024x682.jpeg","datePublished":"2023-06-22T09:29:41+00:00","dateModified":"2023-09-30T09:52:02+00:00","description":"Indulge in a sanctuary of relaxation with our body treatments. Let Adore Beauty Lounge pamper you to perfection in Dubai & Sharjah.","breadcrumb":{"@id":"https:\/\/adorebeautylounge.ae\/en\/body-care\/#breadcrumb"},"inLanguage":"fr-FR","potentialAction":[{"@type":"ReadAction","target":["https:\/\/adorebeautylounge.ae\/en\/body-care\/"]}]},{"@type":"ImageObject","inLanguage":"fr-FR","@id":"https:\/\/adorebeautylounge.ae\/en\/body-care\/#primaryimage","url":"https:\/\/adorebeautylounge.ae\/wp-content\/uploads\/2023\/09\/DSC08581-Large-10-1024x682.jpeg","contentUrl":"https:\/\/adorebeautylounge.ae\/wp-content\/uploads\/2023\/09\/DSC08581-Large-10-1024x682.jpeg"},{"@type":"BreadcrumbList","@id":"https:\/\/adorebeautylounge.ae\/en\/body-care\/#breadcrumb","itemListElement":[{"@type":"ListItem","position":1,"name":"Home","item":"https:\/\/adorebeautylounge.ae\/en\/"},{"@type":"ListItem","position":2,"name":"Body Care"}]},{"@type":"WebSite","@id":"http:\/\/box5216.temp.domains\/~adorebe1\/#website","url":"http:\/\/box5216.temp.domains\/~adorebe1\/","name":"Adore Beauty","description":"","potentialAction":[{"@type":"SearchAction","target":{"@type":"EntryPoint","urlTemplate":"http:\/\/box5216.temp.domains\/~adorebe1\/?s={search_term_string}"},"query-input":{"@type":"PropertyValueSpecification","valueRequired":true,"valueName":"search_term_string"}}],"inLanguage":"fr-FR"}]}},"_links":{"self":[{"href":"https:\/\/adorebeautylounge.ae\/fr\/wp-json\/wp\/v2\/pages\/4916","targetHints":{"allow":["GET"]}}],"collection":[{"href":"https:\/\/adorebeautylounge.ae\/fr\/wp-json\/wp\/v2\/pages"}],"about":[{"href":"https:\/\/adorebeautylounge.ae\/fr\/wp-json\/wp\/v2\/types\/page"}],"author":[{"embeddable":true,"href":"https:\/\/adorebeautylounge.ae\/fr\/wp-json\/wp\/v2\/users\/1"}],"replies":[{"embeddable":true,"href":"https:\/\/adorebeautylounge.ae\/fr\/wp-json\/wp\/v2\/comments?post=4916"}],"version-history":[{"count":10,"href":"https:\/\/adorebeautylounge.ae\/fr\/wp-json\/wp\/v2\/pages\/4916\/revisions"}],"predecessor-version":[{"id":5982,"href":"https:\/\/adorebeautylounge.ae\/fr\/wp-json\/wp\/v2\/pages\/4916\/revisions\/5982"}],"wp:attachment":[{"href":"https:\/\/adorebeautylounge.ae\/fr\/wp-json\/wp\/v2\/media?parent=4916"}],"curies":[{"name":"wp","href":"https:\/\/api.w.org\/{rel}","templated":true}]}}