{"id":4892,"date":"2023-06-22T09:09:35","date_gmt":"2023-06-22T09:09:35","guid":{"rendered":"https:\/\/adorebeautylounge.ae\/?page_id=4892"},"modified":"2023-09-30T09:50:15","modified_gmt":"2023-09-30T09:50:15","slug":"nails-care","status":"publish","type":"page","link":"https:\/\/adorebeautylounge.ae\/fr\/soin-des-ongles\/","title":{"rendered":"Soins des ongles"},"content":{"rendered":"<div data-elementor-type=\"wp-page\" data-elementor-id=\"4892\" class=\"elementor elementor-4892\" data-elementor-post-type=\"page\">\n\t\t\t\t\t\t<section class=\"elementor-section elementor-top-section elementor-element elementor-element-9214a6c elementor-section-boxed elementor-section-height-default elementor-section-height-default\" data-id=\"9214a6c\" data-element_type=\"section\" data-settings=\"{&quot;background_background&quot;:&quot;classic&quot;}\">\n\t\t\t\t\t\t\t<div class=\"elementor-background-overlay\"><\/div>\n\t\t\t\t\t\t\t<div class=\"elementor-container elementor-column-gap-default\">\n\t\t\t\t\t<div class=\"elementor-column elementor-col-100 elementor-top-column elementor-element elementor-element-15ff363\" data-id=\"15ff363\" data-element_type=\"column\">\n\t\t\t<div class=\"elementor-widget-wrap elementor-element-populated\">\n\t\t\t\t\t\t<div class=\"elementor-element elementor-element-af4f439 elementor-widget elementor-widget-spacer\" data-id=\"af4f439\" data-element_type=\"widget\" data-widget_type=\"spacer.default\">\n\t\t\t\t<div class=\"elementor-widget-container\">\n\t\t\t\t\t\t\t<div class=\"elementor-spacer\">\n\t\t\t<div class=\"elementor-spacer-inner\"><\/div>\n\t\t<\/div>\n\t\t\t\t\t\t<\/div>\n\t\t\t\t<\/div>\n\t\t\t\t\t<\/div>\n\t\t<\/div>\n\t\t\t\t\t<\/div>\n\t\t<\/section>\n\t\t\t\t<section class=\"elementor-section elementor-top-section elementor-element elementor-element-9a57ce1 elementor-section-full_width elementor-section-stretched elementor-section-height-default elementor-section-height-default\" data-id=\"9a57ce1\" data-element_type=\"section\" data-settings=\"{&quot;stretch_section&quot;:&quot;section-stretched&quot;}\">\n\t\t\t\t\t\t<div class=\"elementor-container elementor-column-gap-default\">\n\t\t\t\t\t<div class=\"elementor-column elementor-col-50 elementor-top-column elementor-element elementor-element-e4fff96\" data-id=\"e4fff96\" data-element_type=\"column\">\n\t\t\t<div class=\"elementor-widget-wrap elementor-element-populated\">\n\t\t\t\t\t\t<div class=\"elementor-element elementor-element-ebf9251 elementor-arrows-position-inside elementor-widget elementor-widget-image-carousel\" data-id=\"ebf9251\" data-element_type=\"widget\" data-settings=\"{&quot;slides_to_show&quot;:&quot;1&quot;,&quot;navigation&quot;:&quot;arrows&quot;,&quot;autoplay_speed&quot;:3000,&quot;effect&quot;:&quot;fade&quot;,&quot;autoplay&quot;:&quot;yes&quot;,&quot;pause_on_hover&quot;:&quot;yes&quot;,&quot;pause_on_interaction&quot;:&quot;yes&quot;,&quot;infinite&quot;:&quot;yes&quot;,&quot;speed&quot;:500}\" data-widget_type=\"image-carousel.default\">\n\t\t\t\t<div class=\"elementor-widget-container\">\n\t\t\t\t\t\t\t<div class=\"elementor-image-carousel-wrapper swiper\" role=\"region\" aria-roledescription=\"carousel\" aria-label=\"Carrousel d&#039;images\" dir=\"ltr\">\n\t\t\t<div class=\"elementor-image-carousel swiper-wrapper swiper-image-stretch\" aria-live=\"off\">\n\t\t\t\t\t\t\t\t<div class=\"swiper-slide\" role=\"group\" aria-roledescription=\"slide\" aria-label=\"1 sur 6\"><figure class=\"swiper-slide-inner\"><img decoding=\"async\" class=\"swiper-slide-image\" src=\"https:\/\/adorebeautylounge.ae\/wp-content\/uploads\/2023\/06\/DSC08588-Large.jpeg\" alt=\"DSC08588 Grand\" \/><\/figure><\/div><div class=\"swiper-slide\" role=\"group\" aria-roledescription=\"slide\" aria-label=\"2 sur 6\"><figure class=\"swiper-slide-inner\"><img decoding=\"async\" class=\"swiper-slide-image\" src=\"https:\/\/adorebeautylounge.ae\/wp-content\/uploads\/2023\/09\/DSC08581-Large.jpeg\" alt=\"DSC08581-Grand\" \/><\/figure><\/div><div class=\"swiper-slide\" role=\"group\" aria-roledescription=\"slide\" aria-label=\"3 sur 6\"><figure class=\"swiper-slide-inner\"><img decoding=\"async\" class=\"swiper-slide-image\" src=\"https:\/\/adorebeautylounge.ae\/wp-content\/uploads\/2023\/09\/DSC08581-Large-1.jpeg\" alt=\"DSC08581-Grand\" \/><\/figure><\/div><div class=\"swiper-slide\" role=\"group\" aria-roledescription=\"slide\" aria-label=\"4 sur 6\"><figure class=\"swiper-slide-inner\"><img decoding=\"async\" class=\"swiper-slide-image\" src=\"https:\/\/adorebeautylounge.ae\/wp-content\/uploads\/2023\/09\/DSC08581-Large-2.jpeg\" alt=\"DSC08581-Grand\" \/><\/figure><\/div><div class=\"swiper-slide\" role=\"group\" aria-roledescription=\"slide\" aria-label=\"5 sur 6\"><figure class=\"swiper-slide-inner\"><img decoding=\"async\" class=\"swiper-slide-image\" src=\"https:\/\/adorebeautylounge.ae\/wp-content\/uploads\/2023\/09\/DSC08581-Large-3.jpeg\" alt=\"DSC08581-Grand\" \/><\/figure><\/div><div class=\"swiper-slide\" role=\"group\" aria-roledescription=\"slide\" aria-label=\"6 sur 6\"><figure class=\"swiper-slide-inner\"><img decoding=\"async\" class=\"swiper-slide-image\" src=\"https:\/\/adorebeautylounge.ae\/wp-content\/uploads\/2023\/09\/DSC08581-Large-4.jpeg\" alt=\"DSC08581-Grand\" \/><\/figure><\/div>\t\t\t<\/div>\n\t\t\t\t\t\t\t\t\t\t\t\t<div class=\"elementor-swiper-button elementor-swiper-button-prev\" role=\"button\" tabindex=\"0\">\n\t\t\t\t\t\t<i aria-hidden=\"true\" class=\"eicon-chevron-left\"><\/i>\t\t\t\t\t<\/div>\n\t\t\t\t\t<div class=\"elementor-swiper-button elementor-swiper-button-next\" role=\"button\" tabindex=\"0\">\n\t\t\t\t\t\t<i aria-hidden=\"true\" class=\"eicon-chevron-right\"><\/i>\t\t\t\t\t<\/div>\n\t\t\t\t\n\t\t\t\t\t\t\t\t\t<\/div>\n\t\t\t\t\t\t<\/div>\n\t\t\t\t<\/div>\n\t\t\t\t\t<\/div>\n\t\t<\/div>\n\t\t\t\t<div class=\"elementor-column elementor-col-50 elementor-top-column elementor-element elementor-element-3f453b2\" data-id=\"3f453b2\" data-element_type=\"column\">\n\t\t\t<div class=\"elementor-widget-wrap elementor-element-populated\">\n\t\t\t\t\t\t<div class=\"elementor-element elementor-element-316c539 elementor-widget elementor-widget-heading\" data-id=\"316c539\" data-element_type=\"widget\" data-widget_type=\"heading.default\">\n\t\t\t\t<div class=\"elementor-widget-container\">\n\t\t\t\t\t<h2 class=\"elementor-heading-title elementor-size-default\">Soins des ongles<\/h2>\t\t\t\t<\/div>\n\t\t\t\t<\/div>\n\t\t\t\t<div class=\"elementor-element elementor-element-b26ae69 elementor-widget-divider--view-line elementor-widget elementor-widget-divider\" data-id=\"b26ae69\" data-element_type=\"widget\" data-widget_type=\"divider.default\">\n\t\t\t\t<div class=\"elementor-widget-container\">\n\t\t\t\t\t\t\t<div class=\"elementor-divider\">\n\t\t\t<span class=\"elementor-divider-separator\">\n\t\t\t\t\t\t<\/span>\n\t\t<\/div>\n\t\t\t\t\t\t<\/div>\n\t\t\t\t<\/div>\n\t\t\t\t<div class=\"elementor-element elementor-element-a1cea53 elementor-widget elementor-widget-text-editor\" data-id=\"a1cea53\" data-element_type=\"widget\" data-widget_type=\"text-editor.default\">\n\t\t\t\t<div class=\"elementor-widget-container\">\n\t\t\t\t\t\t\t\t\t<p>Adore Beauty Lounge est un salon qui offre une vari\u00e9t\u00e9 de services de soins des ongles de haute qualit\u00e9, y compris des manucures, des p\u00e9dicures,\u00a0<a class=\"MarkdownLink_linkifiedLink__KxC9G\">Gel de vernis<\/a>,\u00a0<a class=\"MarkdownLink_linkifiedLink__KxC9G\">am\u00e9lioration des ongles<\/a>, et l&#039;art des ongles. Ils utilisent des produits et des outils de premi\u00e8re qualit\u00e9 pour assurer des traitements s\u00fbrs et efficaces. Les services populaires incluent leur\u00a0<a class=\"MarkdownLink_linkifiedLink__KxC9G\">manucure signature<\/a>\u00a0et\u00a0<a class=\"MarkdownLink_linkifiedLink__KxC9G\">traitements de p\u00e9dicure<\/a>, ainsi que du vernis gel et\u00a0<a class=\"MarkdownLink_linkifiedLink__KxC9G\">am\u00e9lioration des ongles<\/a>\u00a0options pour des r\u00e9sultats plus durables. Dans l&#039;ensemble,\u00a0<a class=\"MarkdownLink_linkifiedLink__KxC9G\">Salon de beaut\u00e9 Adore<\/a>\u00a0est un excellent choix pour ceux qui cherchent \u00e0 obtenir de beaux ongles d&#039;apparence saine.<\/p>\t\t\t\t\t\t\t\t<\/div>\n\t\t\t\t<\/div>\n\t\t\t\t<div class=\"elementor-element elementor-element-82f1aa7 elementor-widget__width-auto elementor-widget-mobile__width-auto elementor-widget elementor-widget-button\" data-id=\"82f1aa7\" data-element_type=\"widget\" data-widget_type=\"button.default\">\n\t\t\t\t<div class=\"elementor-widget-container\">\n\t\t\t\t\t\t\t\t\t<div class=\"elementor-button-wrapper\">\n\t\t\t\t\t<a class=\"elementor-button elementor-button-link elementor-size-sm\" href=\"https:\/\/adorebeautylounge.ae\/fr\/reservation\/\">\n\t\t\t\t\t\t<span class=\"elementor-button-content-wrapper\">\n\t\t\t\t\t\t\t\t\t<span class=\"elementor-button-text\">Prendre rendez-vous<\/span>\n\t\t\t\t\t<\/span>\n\t\t\t\t\t<\/a>\n\t\t\t\t<\/div>\n\t\t\t\t\t\t\t\t<\/div>\n\t\t\t\t<\/div>\n\t\t\t\t<div class=\"elementor-element elementor-element-47ec50d elementor-widget__width-auto elementor-widget-mobile__width-auto elementor-widget elementor-widget-button\" data-id=\"47ec50d\" data-element_type=\"widget\" data-widget_type=\"button.default\">\n\t\t\t\t<div class=\"elementor-widget-container\">\n\t\t\t\t\t\t\t\t\t<div class=\"elementor-button-wrapper\">\n\t\t\t\t\t<a class=\"elementor-button elementor-button-link elementor-size-sm\" href=\"https:\/\/wa.me\/971504487289?text=Hiwehaveaqueryaboutyourservice\">\n\t\t\t\t\t\t<span class=\"elementor-button-content-wrapper\">\n\t\t\t\t\t\t<span class=\"elementor-button-icon\">\n\t\t\t\t<i aria-hidden=\"true\" class=\"fab fa-whatsapp\"><\/i>\t\t\t<\/span>\n\t\t\t\t\t\t\t\t\t<span class=\"elementor-button-text\">Whatsapp<\/span>\n\t\t\t\t\t<\/span>\n\t\t\t\t\t<\/a>\n\t\t\t\t<\/div>\n\t\t\t\t\t\t\t\t<\/div>\n\t\t\t\t<\/div>\n\t\t\t\t<div class=\"elementor-element elementor-element-bc5b597 elementor-widget__width-auto elementor-widget-mobile__width-auto elementor-widget elementor-widget-button\" data-id=\"bc5b597\" data-element_type=\"widget\" data-widget_type=\"button.default\">\n\t\t\t\t<div class=\"elementor-widget-container\">\n\t\t\t\t\t\t\t\t\t<div class=\"elementor-button-wrapper\">\n\t\t\t\t\t<a class=\"elementor-button elementor-button-link elementor-size-sm\" href=\"#elementor-action%3Aaction%3Dpopup%3Aopen%26settings%3DeyJpZCI6IjUwMTUiLCJ0b2dnbGUiOmZhbHNlfQ%3D%3D\">\n\t\t\t\t\t\t<span class=\"elementor-button-content-wrapper\">\n\t\t\t\t\t\t\t\t\t<span class=\"elementor-button-text\">Voir les prix<\/span>\n\t\t\t\t\t<\/span>\n\t\t\t\t\t<\/a>\n\t\t\t\t<\/div>\n\t\t\t\t\t\t\t\t<\/div>\n\t\t\t\t<\/div>\n\t\t\t\t\t<\/div>\n\t\t<\/div>\n\t\t\t\t\t<\/div>\n\t\t<\/section>\n\t\t\t\t<\/div>","protected":false},"excerpt":{"rendered":"<p>Nails Care Adore Beauty Lounge est un salon qui propose une vari\u00e9t\u00e9 de services de soins des ongles de haute qualit\u00e9, notamment des manucures, des p\u00e9dicures, du vernis gel, des am\u00e9liorations des ongles et du nail art. Ils utilisent des produits et des outils de qualit\u00e9 sup\u00e9rieure pour garantir des traitements s\u00fbrs et efficaces. Les services populaires incluent leurs traitements de manucure et de p\u00e9dicure, ainsi que des options de vernis gel et d&#039;am\u00e9lioration des ongles pour des r\u00e9sultats plus durables. Dans l\u2019ensemble, Adore Beauty [\u2026]<\/p>","protected":false},"author":1,"featured_media":0,"parent":0,"menu_order":0,"comment_status":"closed","ping_status":"closed","template":"elementor_header_footer","meta":{"_acf_changed":false,"inline_featured_image":false,"footnotes":""},"class_list":["post-4892","page","type-page","status-publish","hentry"],"acf":[],"yoast_head":"<!-- This site is optimized with the Yoast SEO plugin v26.9 - https:\/\/yoast.com\/product\/yoast-seo-wordpress\/ -->\n<title>Nail Perfection at Adore Beauty Lounge | Dubai &amp; Sharjah<\/title>\n<meta name=\"description\" content=\"Flaunt stunning nails with our top-tier nail treatments. Dive into a range of manicures &amp; pedicures at Adore Beauty Lounge in Dubai &amp; Sharjah.\" \/>\n<meta name=\"robots\" content=\"index, follow, max-snippet:-1, max-image-preview:large, max-video-preview:-1\" \/>\n<link rel=\"canonical\" href=\"https:\/\/adorebeautylounge.ae\/fr\/soin-des-ongles\/\" \/>\n<meta property=\"og:locale\" content=\"fr_FR\" \/>\n<meta property=\"og:type\" content=\"article\" \/>\n<meta property=\"og:title\" content=\"Nail Perfection at Adore Beauty Lounge | Dubai &amp; Sharjah\" \/>\n<meta property=\"og:description\" content=\"Flaunt stunning nails with our top-tier nail treatments. Dive into a range of manicures &amp; pedicures at Adore Beauty Lounge in Dubai &amp; Sharjah.\" \/>\n<meta property=\"og:url\" content=\"https:\/\/adorebeautylounge.ae\/fr\/soin-des-ongles\/\" \/>\n<meta property=\"og:site_name\" content=\"Adore Beauty\" \/>\n<meta property=\"article:modified_time\" content=\"2023-09-30T09:50:15+00:00\" \/>\n<meta property=\"og:image\" content=\"https:\/\/adorebeautylounge.ae\/wp-content\/uploads\/2023\/06\/DSC08588-Large.jpeg\" \/>\n<meta name=\"twitter:card\" content=\"summary_large_image\" \/>\n<meta name=\"twitter:label1\" content=\"Dur\u00e9e de lecture estim\u00e9e\" \/>\n\t<meta name=\"twitter:data1\" content=\"2 minutes\" \/>\n<script type=\"application\/ld+json\" class=\"yoast-schema-graph\">{\"@context\":\"https:\/\/schema.org\",\"@graph\":[{\"@type\":\"WebPage\",\"@id\":\"https:\/\/adorebeautylounge.ae\/en\/nails-care\/\",\"url\":\"https:\/\/adorebeautylounge.ae\/en\/nails-care\/\",\"name\":\"Nail Perfection at Adore Beauty Lounge | Dubai & Sharjah\",\"isPartOf\":{\"@id\":\"http:\/\/box5216.temp.domains\/~adorebe1\/#website\"},\"primaryImageOfPage\":{\"@id\":\"https:\/\/adorebeautylounge.ae\/en\/nails-care\/#primaryimage\"},\"image\":{\"@id\":\"https:\/\/adorebeautylounge.ae\/en\/nails-care\/#primaryimage\"},\"thumbnailUrl\":\"https:\/\/adorebeautylounge.ae\/wp-content\/uploads\/2023\/06\/DSC08588-Large.jpeg\",\"datePublished\":\"2023-06-22T09:09:35+00:00\",\"dateModified\":\"2023-09-30T09:50:15+00:00\",\"description\":\"Flaunt stunning nails with our top-tier nail treatments. Dive into a range of manicures & pedicures at Adore Beauty Lounge in Dubai & Sharjah.\",\"breadcrumb\":{\"@id\":\"https:\/\/adorebeautylounge.ae\/en\/nails-care\/#breadcrumb\"},\"inLanguage\":\"fr-FR\",\"potentialAction\":[{\"@type\":\"ReadAction\",\"target\":[\"https:\/\/adorebeautylounge.ae\/en\/nails-care\/\"]}]},{\"@type\":\"ImageObject\",\"inLanguage\":\"fr-FR\",\"@id\":\"https:\/\/adorebeautylounge.ae\/en\/nails-care\/#primaryimage\",\"url\":\"https:\/\/adorebeautylounge.ae\/wp-content\/uploads\/2023\/06\/DSC08588-Large.jpeg\",\"contentUrl\":\"https:\/\/adorebeautylounge.ae\/wp-content\/uploads\/2023\/06\/DSC08588-Large.jpeg\"},{\"@type\":\"BreadcrumbList\",\"@id\":\"https:\/\/adorebeautylounge.ae\/en\/nails-care\/#breadcrumb\",\"itemListElement\":[{\"@type\":\"ListItem\",\"position\":1,\"name\":\"Home\",\"item\":\"https:\/\/adorebeautylounge.ae\/en\/\"},{\"@type\":\"ListItem\",\"position\":2,\"name\":\"Nails Care\"}]},{\"@type\":\"WebSite\",\"@id\":\"http:\/\/box5216.temp.domains\/~adorebe1\/#website\",\"url\":\"http:\/\/box5216.temp.domains\/~adorebe1\/\",\"name\":\"Adore Beauty\",\"description\":\"\",\"potentialAction\":[{\"@type\":\"SearchAction\",\"target\":{\"@type\":\"EntryPoint\",\"urlTemplate\":\"http:\/\/box5216.temp.domains\/~adorebe1\/?s={search_term_string}\"},\"query-input\":{\"@type\":\"PropertyValueSpecification\",\"valueRequired\":true,\"valueName\":\"search_term_string\"}}],\"inLanguage\":\"fr-FR\"}]}<\/script>\n<!-- \/ Yoast SEO plugin. -->","yoast_head_json":{"title":"Nail Perfection at Adore Beauty Lounge | Dubai & Sharjah","description":"Flaunt stunning nails with our top-tier nail treatments. Dive into a range of manicures & pedicures at Adore Beauty Lounge in Dubai & Sharjah.","robots":{"index":"index","follow":"follow","max-snippet":"max-snippet:-1","max-image-preview":"max-image-preview:large","max-video-preview":"max-video-preview:-1"},"canonical":"https:\/\/adorebeautylounge.ae\/fr\/soin-des-ongles\/","og_locale":"fr_FR","og_type":"article","og_title":"Nail Perfection at Adore Beauty Lounge | Dubai & Sharjah","og_description":"Flaunt stunning nails with our top-tier nail treatments. Dive into a range of manicures & pedicures at Adore Beauty Lounge in Dubai & Sharjah.","og_url":"https:\/\/adorebeautylounge.ae\/fr\/soin-des-ongles\/","og_site_name":"Adore Beauty","article_modified_time":"2023-09-30T09:50:15+00:00","og_image":[{"url":"https:\/\/adorebeautylounge.ae\/wp-content\/uploads\/2023\/06\/DSC08588-Large.jpeg","type":"","width":"","height":""}],"twitter_card":"summary_large_image","twitter_misc":{"Dur\u00e9e de lecture estim\u00e9e":"2 minutes"},"schema":{"@context":"https:\/\/schema.org","@graph":[{"@type":"WebPage","@id":"https:\/\/adorebeautylounge.ae\/en\/nails-care\/","url":"https:\/\/adorebeautylounge.ae\/en\/nails-care\/","name":"Nail Perfection at Adore Beauty Lounge | Dubai & Sharjah","isPartOf":{"@id":"http:\/\/box5216.temp.domains\/~adorebe1\/#website"},"primaryImageOfPage":{"@id":"https:\/\/adorebeautylounge.ae\/en\/nails-care\/#primaryimage"},"image":{"@id":"https:\/\/adorebeautylounge.ae\/en\/nails-care\/#primaryimage"},"thumbnailUrl":"https:\/\/adorebeautylounge.ae\/wp-content\/uploads\/2023\/06\/DSC08588-Large.jpeg","datePublished":"2023-06-22T09:09:35+00:00","dateModified":"2023-09-30T09:50:15+00:00","description":"Flaunt stunning nails with our top-tier nail treatments. Dive into a range of manicures & pedicures at Adore Beauty Lounge in Dubai & Sharjah.","breadcrumb":{"@id":"https:\/\/adorebeautylounge.ae\/en\/nails-care\/#breadcrumb"},"inLanguage":"fr-FR","potentialAction":[{"@type":"ReadAction","target":["https:\/\/adorebeautylounge.ae\/en\/nails-care\/"]}]},{"@type":"ImageObject","inLanguage":"fr-FR","@id":"https:\/\/adorebeautylounge.ae\/en\/nails-care\/#primaryimage","url":"https:\/\/adorebeautylounge.ae\/wp-content\/uploads\/2023\/06\/DSC08588-Large.jpeg","contentUrl":"https:\/\/adorebeautylounge.ae\/wp-content\/uploads\/2023\/06\/DSC08588-Large.jpeg"},{"@type":"BreadcrumbList","@id":"https:\/\/adorebeautylounge.ae\/en\/nails-care\/#breadcrumb","itemListElement":[{"@type":"ListItem","position":1,"name":"Home","item":"https:\/\/adorebeautylounge.ae\/en\/"},{"@type":"ListItem","position":2,"name":"Nails Care"}]},{"@type":"WebSite","@id":"http:\/\/box5216.temp.domains\/~adorebe1\/#website","url":"http:\/\/box5216.temp.domains\/~adorebe1\/","name":"Adore Beauty","description":"","potentialAction":[{"@type":"SearchAction","target":{"@type":"EntryPoint","urlTemplate":"http:\/\/box5216.temp.domains\/~adorebe1\/?s={search_term_string}"},"query-input":{"@type":"PropertyValueSpecification","valueRequired":true,"valueName":"search_term_string"}}],"inLanguage":"fr-FR"}]}},"_links":{"self":[{"href":"https:\/\/adorebeautylounge.ae\/fr\/wp-json\/wp\/v2\/pages\/4892","targetHints":{"allow":["GET"]}}],"collection":[{"href":"https:\/\/adorebeautylounge.ae\/fr\/wp-json\/wp\/v2\/pages"}],"about":[{"href":"https:\/\/adorebeautylounge.ae\/fr\/wp-json\/wp\/v2\/types\/page"}],"author":[{"embeddable":true,"href":"https:\/\/adorebeautylounge.ae\/fr\/wp-json\/wp\/v2\/users\/1"}],"replies":[{"embeddable":true,"href":"https:\/\/adorebeautylounge.ae\/fr\/wp-json\/wp\/v2\/comments?post=4892"}],"version-history":[{"count":13,"href":"https:\/\/adorebeautylounge.ae\/fr\/wp-json\/wp\/v2\/pages\/4892\/revisions"}],"predecessor-version":[{"id":5970,"href":"https:\/\/adorebeautylounge.ae\/fr\/wp-json\/wp\/v2\/pages\/4892\/revisions\/5970"}],"wp:attachment":[{"href":"https:\/\/adorebeautylounge.ae\/fr\/wp-json\/wp\/v2\/media?parent=4892"}],"curies":[{"name":"wp","href":"https:\/\/api.w.org\/{rel}","templated":true}]}}