{"id":4646,"date":"2023-06-06T11:17:40","date_gmt":"2023-06-06T11:17:40","guid":{"rendered":"https:\/\/adorebeautylounge.ae\/?page_id=4646"},"modified":"2023-09-30T09:48:15","modified_gmt":"2023-09-30T09:48:15","slug":"elementor-4646","status":"publish","type":"page","link":"https:\/\/adorebeautylounge.ae\/fr\/elementor-4646\/","title":{"rendered":"Les fondateurs"},"content":{"rendered":"<div data-elementor-type=\"wp-page\" data-elementor-id=\"4646\" class=\"elementor elementor-4646\" data-elementor-post-type=\"page\">\n\t\t\t\t\t\t<section class=\"elementor-section elementor-top-section elementor-element elementor-element-a97d0f9 elementor-section-boxed elementor-section-height-default elementor-section-height-default\" data-id=\"a97d0f9\" data-element_type=\"section\" data-settings=\"{&quot;background_background&quot;:&quot;video&quot;,&quot;background_video_link&quot;:&quot;https:\\\/\\\/i.imgur.com\\\/UqE4rQw.mp4&quot;,&quot;background_play_on_mobile&quot;:&quot;yes&quot;,&quot;background_privacy_mode&quot;:&quot;yes&quot;}\">\n\t\t\t\t\t\t\t\t<div class=\"elementor-background-video-container\">\n\t\t\t\t\t\t\t\t\t\t\t\t\t<video class=\"elementor-background-video-hosted\" autoplay muted playsinline loop><\/video>\n\t\t\t\t\t\t\t\t\t\t\t<\/div>\n\t\t\t\t\t\t\t\t\t<div class=\"elementor-background-overlay\"><\/div>\n\t\t\t\t\t\t\t<div class=\"elementor-container elementor-column-gap-default\">\n\t\t\t\t\t<div class=\"elementor-column elementor-col-100 elementor-top-column elementor-element elementor-element-0165bc5\" data-id=\"0165bc5\" data-element_type=\"column\">\n\t\t\t<div class=\"elementor-widget-wrap elementor-element-populated\">\n\t\t\t\t\t\t<div class=\"elementor-element elementor-element-50ecbdf elementor-widget elementor-widget-spacer\" data-id=\"50ecbdf\" data-element_type=\"widget\" data-widget_type=\"spacer.default\">\n\t\t\t\t<div class=\"elementor-widget-container\">\n\t\t\t\t\t\t\t<div class=\"elementor-spacer\">\n\t\t\t<div class=\"elementor-spacer-inner\"><\/div>\n\t\t<\/div>\n\t\t\t\t\t\t<\/div>\n\t\t\t\t<\/div>\n\t\t\t\t\t<\/div>\n\t\t<\/div>\n\t\t\t\t\t<\/div>\n\t\t<\/section>\n\t\t\t\t<section class=\"elementor-section elementor-top-section elementor-element elementor-element-3a1b1cd3 elementor-section-content-middle elementor-section-boxed elementor-section-height-default elementor-section-height-default\" data-id=\"3a1b1cd3\" data-element_type=\"section\">\n\t\t\t\t\t\t<div class=\"elementor-container elementor-column-gap-no\">\n\t\t\t\t\t<div class=\"elementor-column elementor-col-50 elementor-top-column elementor-element elementor-element-404691d\" data-id=\"404691d\" data-element_type=\"column\">\n\t\t\t<div class=\"elementor-widget-wrap elementor-element-populated\">\n\t\t\t\t\t\t<div class=\"elementor-element elementor-element-f418a20 elementor-widget elementor-widget-image\" data-id=\"f418a20\" data-element_type=\"widget\" data-widget_type=\"image.default\">\n\t\t\t\t<div class=\"elementor-widget-container\">\n\t\t\t\t\t\t\t\t\t\t\t\t\t\t\t<img fetchpriority=\"high\" decoding=\"async\" width=\"1280\" height=\"853\" src=\"https:\/\/adorebeautylounge.ae\/wp-content\/uploads\/2023\/06\/DSC09085-Large.jpeg\" class=\"attachment-full size-full wp-image-4575\" alt=\"\" srcset=\"https:\/\/adorebeautylounge.ae\/wp-content\/uploads\/2023\/06\/DSC09085-Large.jpeg 1280w, https:\/\/adorebeautylounge.ae\/wp-content\/uploads\/2023\/06\/DSC09085-Large-300x200.jpeg 300w, https:\/\/adorebeautylounge.ae\/wp-content\/uploads\/2023\/06\/DSC09085-Large-1024x682.jpeg 1024w, https:\/\/adorebeautylounge.ae\/wp-content\/uploads\/2023\/06\/DSC09085-Large-768x512.jpeg 768w, https:\/\/adorebeautylounge.ae\/wp-content\/uploads\/2023\/06\/DSC09085-Large-18x12.jpeg 18w, https:\/\/adorebeautylounge.ae\/wp-content\/uploads\/2023\/06\/DSC09085-Large-600x400.jpeg 600w, https:\/\/adorebeautylounge.ae\/wp-content\/uploads\/2023\/06\/DSC09085-Large-120x80.jpeg 120w\" sizes=\"(max-width: 1280px) 100vw, 1280px\" \/>\t\t\t\t\t\t\t\t\t\t\t\t\t\t\t<\/div>\n\t\t\t\t<\/div>\n\t\t\t\t\t<\/div>\n\t\t<\/div>\n\t\t\t\t<div class=\"elementor-column elementor-col-50 elementor-top-column elementor-element elementor-element-4f365a08\" data-id=\"4f365a08\" data-element_type=\"column\">\n\t\t\t<div class=\"elementor-widget-wrap elementor-element-populated\">\n\t\t\t\t\t\t<div class=\"elementor-element elementor-element-1d2b3412 elementor-widget elementor-widget-heading\" data-id=\"1d2b3412\" data-element_type=\"widget\" data-widget_type=\"heading.default\">\n\t\t\t\t<div class=\"elementor-widget-container\">\n\t\t\t\t\t<h4 class=\"elementor-heading-title elementor-size-default\">Nos fondateurs<\/h4>\t\t\t\t<\/div>\n\t\t\t\t<\/div>\n\t\t\t\t<div class=\"elementor-element elementor-element-54321c91 elementor-widget elementor-widget-text-editor\" data-id=\"54321c91\" data-element_type=\"widget\" data-widget_type=\"text-editor.default\">\n\t\t\t\t<div class=\"elementor-widget-container\">\n\t\t\t\t\t\t\t\t\t<p>La fondatrice d&#039;Adore Beauty Lounge souhaite la plus chaleureuse des bienvenues \u00e0 tous ses clients. Ils ont cr\u00e9\u00e9 Adore Beauty Lounge pour fournir des services de beaut\u00e9 de haute qualit\u00e9 dans un cadre confortable. Le fondateur a une passion pour la beaut\u00e9 et croit que tout le monde m\u00e9rite de se sentir mieux. Ils s&#039;engagent \u00e0 fournir des services de premier ordre en utilisant les derni\u00e8res technologies et produits. Adore Beauty Lounge valorise la satisfaction de ses clients et s&#039;efforce de d\u00e9passer leurs attentes. Le fondateur et l&#039;\u00e9quipe d&#039;Adore Beauty Lounge ont h\u00e2te de faire en sorte que chaque client se sente confiant, beau et rajeuni.<\/p>\t\t\t\t\t\t\t\t<\/div>\n\t\t\t\t<\/div>\n\t\t\t\t\t<\/div>\n\t\t<\/div>\n\t\t\t\t\t<\/div>\n\t\t<\/section>\n\t\t\t\t<\/div>","protected":false},"excerpt":{"rendered":"<p>Nos Fondatrices La fondatrice d&#039;Adore Beauty Lounge souhaite la plus chaleureuse des bienvenues \u00e0 tous ses clients. Ils ont cr\u00e9\u00e9 Adore Beauty Lounge pour fournir des services de beaut\u00e9 de haute qualit\u00e9 dans un cadre confortable. Le fondateur a une passion pour la beaut\u00e9 et croit que tout le monde m\u00e9rite de se sentir mieux. Ils s&#039;engagent \u00e0 fournir des services de premier ordre [...]<\/p>","protected":false},"author":1,"featured_media":0,"parent":0,"menu_order":0,"comment_status":"closed","ping_status":"closed","template":"elementor_header_footer","meta":{"_acf_changed":false,"inline_featured_image":false,"footnotes":""},"class_list":["post-4646","page","type-page","status-publish","hentry"],"acf":[],"yoast_head":"<!-- This site is optimized with the Yoast SEO plugin v26.9 - https:\/\/yoast.com\/product\/yoast-seo-wordpress\/ -->\n<title>The Visionaries Behind Adore Beauty Lounge | Meet the Founders<\/title>\n<meta name=\"description\" content=\"Get to know the driving forces behind Adore Beauty Lounge. Meet the founders whose vision and dedication have shaped the premium beauty experience in Dubai &amp; Sharjah.\" \/>\n<meta name=\"robots\" content=\"index, follow, max-snippet:-1, max-image-preview:large, max-video-preview:-1\" \/>\n<link rel=\"canonical\" href=\"https:\/\/adorebeautylounge.ae\/fr\/elementor-4646\/\" \/>\n<meta property=\"og:locale\" content=\"fr_FR\" \/>\n<meta property=\"og:type\" content=\"article\" \/>\n<meta property=\"og:title\" content=\"The Visionaries Behind Adore Beauty Lounge | Meet the Founders\" \/>\n<meta property=\"og:description\" content=\"Get to know the driving forces behind Adore Beauty Lounge. Meet the founders whose vision and dedication have shaped the premium beauty experience in Dubai &amp; Sharjah.\" \/>\n<meta property=\"og:url\" content=\"https:\/\/adorebeautylounge.ae\/fr\/elementor-4646\/\" \/>\n<meta property=\"og:site_name\" content=\"Adore Beauty\" \/>\n<meta property=\"article:modified_time\" content=\"2023-09-30T09:48:15+00:00\" \/>\n<meta property=\"og:image\" content=\"https:\/\/adorebeautylounge.ae\/wp-content\/uploads\/2023\/06\/DSC09085-Large.jpeg\" \/>\n<meta name=\"twitter:card\" content=\"summary_large_image\" \/>\n<meta name=\"twitter:label1\" content=\"Dur\u00e9e de lecture estim\u00e9e\" \/>\n\t<meta name=\"twitter:data1\" content=\"1 minute\" \/>\n<script type=\"application\/ld+json\" class=\"yoast-schema-graph\">{\"@context\":\"https:\/\/schema.org\",\"@graph\":[{\"@type\":\"WebPage\",\"@id\":\"https:\/\/adorebeautylounge.ae\/en\/elementor-4646\/\",\"url\":\"https:\/\/adorebeautylounge.ae\/en\/elementor-4646\/\",\"name\":\"The Visionaries Behind Adore Beauty Lounge | Meet the Founders\",\"isPartOf\":{\"@id\":\"http:\/\/box5216.temp.domains\/~adorebe1\/#website\"},\"primaryImageOfPage\":{\"@id\":\"https:\/\/adorebeautylounge.ae\/en\/elementor-4646\/#primaryimage\"},\"image\":{\"@id\":\"https:\/\/adorebeautylounge.ae\/en\/elementor-4646\/#primaryimage\"},\"thumbnailUrl\":\"https:\/\/adorebeautylounge.ae\/wp-content\/uploads\/2023\/06\/DSC09085-Large.jpeg\",\"datePublished\":\"2023-06-06T11:17:40+00:00\",\"dateModified\":\"2023-09-30T09:48:15+00:00\",\"description\":\"Get to know the driving forces behind Adore Beauty Lounge. Meet the founders whose vision and dedication have shaped the premium beauty experience in Dubai & Sharjah.\",\"breadcrumb\":{\"@id\":\"https:\/\/adorebeautylounge.ae\/en\/elementor-4646\/#breadcrumb\"},\"inLanguage\":\"fr-FR\",\"potentialAction\":[{\"@type\":\"ReadAction\",\"target\":[\"https:\/\/adorebeautylounge.ae\/en\/elementor-4646\/\"]}]},{\"@type\":\"ImageObject\",\"inLanguage\":\"fr-FR\",\"@id\":\"https:\/\/adorebeautylounge.ae\/en\/elementor-4646\/#primaryimage\",\"url\":\"https:\/\/adorebeautylounge.ae\/wp-content\/uploads\/2023\/06\/DSC09085-Large.jpeg\",\"contentUrl\":\"https:\/\/adorebeautylounge.ae\/wp-content\/uploads\/2023\/06\/DSC09085-Large.jpeg\"},{\"@type\":\"BreadcrumbList\",\"@id\":\"https:\/\/adorebeautylounge.ae\/en\/elementor-4646\/#breadcrumb\",\"itemListElement\":[{\"@type\":\"ListItem\",\"position\":1,\"name\":\"Home\",\"item\":\"https:\/\/adorebeautylounge.ae\/en\/\"},{\"@type\":\"ListItem\",\"position\":2,\"name\":\"The Founders\"}]},{\"@type\":\"WebSite\",\"@id\":\"http:\/\/box5216.temp.domains\/~adorebe1\/#website\",\"url\":\"http:\/\/box5216.temp.domains\/~adorebe1\/\",\"name\":\"Adore Beauty\",\"description\":\"\",\"potentialAction\":[{\"@type\":\"SearchAction\",\"target\":{\"@type\":\"EntryPoint\",\"urlTemplate\":\"http:\/\/box5216.temp.domains\/~adorebe1\/?s={search_term_string}\"},\"query-input\":{\"@type\":\"PropertyValueSpecification\",\"valueRequired\":true,\"valueName\":\"search_term_string\"}}],\"inLanguage\":\"fr-FR\"}]}<\/script>\n<!-- \/ Yoast SEO plugin. -->","yoast_head_json":{"title":"The Visionaries Behind Adore Beauty Lounge | Meet the Founders","description":"Get to know the driving forces behind Adore Beauty Lounge. Meet the founders whose vision and dedication have shaped the premium beauty experience in Dubai & Sharjah.","robots":{"index":"index","follow":"follow","max-snippet":"max-snippet:-1","max-image-preview":"max-image-preview:large","max-video-preview":"max-video-preview:-1"},"canonical":"https:\/\/adorebeautylounge.ae\/fr\/elementor-4646\/","og_locale":"fr_FR","og_type":"article","og_title":"The Visionaries Behind Adore Beauty Lounge | Meet the Founders","og_description":"Get to know the driving forces behind Adore Beauty Lounge. Meet the founders whose vision and dedication have shaped the premium beauty experience in Dubai & Sharjah.","og_url":"https:\/\/adorebeautylounge.ae\/fr\/elementor-4646\/","og_site_name":"Adore Beauty","article_modified_time":"2023-09-30T09:48:15+00:00","og_image":[{"url":"https:\/\/adorebeautylounge.ae\/wp-content\/uploads\/2023\/06\/DSC09085-Large.jpeg","type":"","width":"","height":""}],"twitter_card":"summary_large_image","twitter_misc":{"Dur\u00e9e de lecture estim\u00e9e":"1 minute"},"schema":{"@context":"https:\/\/schema.org","@graph":[{"@type":"WebPage","@id":"https:\/\/adorebeautylounge.ae\/en\/elementor-4646\/","url":"https:\/\/adorebeautylounge.ae\/en\/elementor-4646\/","name":"The Visionaries Behind Adore Beauty Lounge | Meet the Founders","isPartOf":{"@id":"http:\/\/box5216.temp.domains\/~adorebe1\/#website"},"primaryImageOfPage":{"@id":"https:\/\/adorebeautylounge.ae\/en\/elementor-4646\/#primaryimage"},"image":{"@id":"https:\/\/adorebeautylounge.ae\/en\/elementor-4646\/#primaryimage"},"thumbnailUrl":"https:\/\/adorebeautylounge.ae\/wp-content\/uploads\/2023\/06\/DSC09085-Large.jpeg","datePublished":"2023-06-06T11:17:40+00:00","dateModified":"2023-09-30T09:48:15+00:00","description":"Get to know the driving forces behind Adore Beauty Lounge. Meet the founders whose vision and dedication have shaped the premium beauty experience in Dubai & Sharjah.","breadcrumb":{"@id":"https:\/\/adorebeautylounge.ae\/en\/elementor-4646\/#breadcrumb"},"inLanguage":"fr-FR","potentialAction":[{"@type":"ReadAction","target":["https:\/\/adorebeautylounge.ae\/en\/elementor-4646\/"]}]},{"@type":"ImageObject","inLanguage":"fr-FR","@id":"https:\/\/adorebeautylounge.ae\/en\/elementor-4646\/#primaryimage","url":"https:\/\/adorebeautylounge.ae\/wp-content\/uploads\/2023\/06\/DSC09085-Large.jpeg","contentUrl":"https:\/\/adorebeautylounge.ae\/wp-content\/uploads\/2023\/06\/DSC09085-Large.jpeg"},{"@type":"BreadcrumbList","@id":"https:\/\/adorebeautylounge.ae\/en\/elementor-4646\/#breadcrumb","itemListElement":[{"@type":"ListItem","position":1,"name":"Home","item":"https:\/\/adorebeautylounge.ae\/en\/"},{"@type":"ListItem","position":2,"name":"The Founders"}]},{"@type":"WebSite","@id":"http:\/\/box5216.temp.domains\/~adorebe1\/#website","url":"http:\/\/box5216.temp.domains\/~adorebe1\/","name":"Adore Beauty","description":"","potentialAction":[{"@type":"SearchAction","target":{"@type":"EntryPoint","urlTemplate":"http:\/\/box5216.temp.domains\/~adorebe1\/?s={search_term_string}"},"query-input":{"@type":"PropertyValueSpecification","valueRequired":true,"valueName":"search_term_string"}}],"inLanguage":"fr-FR"}]}},"_links":{"self":[{"href":"https:\/\/adorebeautylounge.ae\/fr\/wp-json\/wp\/v2\/pages\/4646","targetHints":{"allow":["GET"]}}],"collection":[{"href":"https:\/\/adorebeautylounge.ae\/fr\/wp-json\/wp\/v2\/pages"}],"about":[{"href":"https:\/\/adorebeautylounge.ae\/fr\/wp-json\/wp\/v2\/types\/page"}],"author":[{"embeddable":true,"href":"https:\/\/adorebeautylounge.ae\/fr\/wp-json\/wp\/v2\/users\/1"}],"replies":[{"embeddable":true,"href":"https:\/\/adorebeautylounge.ae\/fr\/wp-json\/wp\/v2\/comments?post=4646"}],"version-history":[{"count":20,"href":"https:\/\/adorebeautylounge.ae\/fr\/wp-json\/wp\/v2\/pages\/4646\/revisions"}],"predecessor-version":[{"id":5964,"href":"https:\/\/adorebeautylounge.ae\/fr\/wp-json\/wp\/v2\/pages\/4646\/revisions\/5964"}],"wp:attachment":[{"href":"https:\/\/adorebeautylounge.ae\/fr\/wp-json\/wp\/v2\/media?parent=4646"}],"curies":[{"name":"wp","href":"https:\/\/api.w.org\/{rel}","templated":true}]}}