{"id":4609,"date":"2023-06-06T09:12:47","date_gmt":"2023-06-06T09:12:47","guid":{"rendered":"https:\/\/adorebeautylounge.ae\/?page_id=4609"},"modified":"2023-09-30T09:46:33","modified_gmt":"2023-09-30T09:46:33","slug":"about-us","status":"publish","type":"page","link":"https:\/\/adorebeautylounge.ae\/fr\/a-propos-de-nous\/","title":{"rendered":"\u00c0 propos de nous"},"content":{"rendered":"<div data-elementor-type=\"wp-page\" data-elementor-id=\"4609\" class=\"elementor elementor-4609\" data-elementor-post-type=\"page\">\n\t\t\t\t\t\t<section class=\"elementor-section elementor-top-section elementor-element elementor-element-21ade8b elementor-section-boxed elementor-section-height-default elementor-section-height-default\" data-id=\"21ade8b\" data-element_type=\"section\" data-settings=\"{&quot;background_background&quot;:&quot;video&quot;,&quot;background_video_link&quot;:&quot;https:\\\/\\\/i.imgur.com\\\/UqE4rQw.mp4&quot;,&quot;background_play_on_mobile&quot;:&quot;yes&quot;,&quot;background_privacy_mode&quot;:&quot;yes&quot;}\">\n\t\t\t\t\t\t\t\t<div class=\"elementor-background-video-container\">\n\t\t\t\t\t\t\t\t\t\t\t\t\t<video class=\"elementor-background-video-hosted\" autoplay muted playsinline loop><\/video>\n\t\t\t\t\t\t\t\t\t\t\t<\/div>\n\t\t\t\t\t\t\t\t\t<div class=\"elementor-background-overlay\"><\/div>\n\t\t\t\t\t\t\t<div class=\"elementor-container elementor-column-gap-default\">\n\t\t\t\t\t<div class=\"elementor-column elementor-col-100 elementor-top-column elementor-element elementor-element-68ada61\" data-id=\"68ada61\" data-element_type=\"column\">\n\t\t\t<div class=\"elementor-widget-wrap elementor-element-populated\">\n\t\t\t\t\t\t<div class=\"elementor-element elementor-element-c605855 elementor-widget elementor-widget-spacer\" data-id=\"c605855\" data-element_type=\"widget\" data-widget_type=\"spacer.default\">\n\t\t\t\t<div class=\"elementor-widget-container\">\n\t\t\t\t\t\t\t<div class=\"elementor-spacer\">\n\t\t\t<div class=\"elementor-spacer-inner\"><\/div>\n\t\t<\/div>\n\t\t\t\t\t\t<\/div>\n\t\t\t\t<\/div>\n\t\t\t\t\t<\/div>\n\t\t<\/div>\n\t\t\t\t\t<\/div>\n\t\t<\/section>\n\t\t\t\t<section class=\"elementor-section elementor-top-section elementor-element elementor-element-56e7c5e0 elementor-section-content-middle elementor-section-height-full elementor-section-boxed elementor-section-height-default elementor-section-items-middle\" data-id=\"56e7c5e0\" data-element_type=\"section\">\n\t\t\t\t\t\t<div class=\"elementor-container elementor-column-gap-no\">\n\t\t\t\t\t<div class=\"elementor-column elementor-col-50 elementor-top-column elementor-element elementor-element-1571d53\" data-id=\"1571d53\" data-element_type=\"column\">\n\t\t\t<div class=\"elementor-widget-wrap elementor-element-populated\">\n\t\t\t\t\t\t<div class=\"elementor-element elementor-element-386785db elementor-widget elementor-widget-heading\" data-id=\"386785db\" data-element_type=\"widget\" data-widget_type=\"heading.default\">\n\t\t\t\t<div class=\"elementor-widget-container\">\n\t\t\t\t\t<h4 class=\"elementor-heading-title elementor-size-default\">\u00c0 propos<\/h4>\t\t\t\t<\/div>\n\t\t\t\t<\/div>\n\t\t\t\t<div class=\"elementor-element elementor-element-26b91b71 elementor-widget-divider--view-line elementor-widget elementor-widget-divider\" data-id=\"26b91b71\" data-element_type=\"widget\" data-widget_type=\"divider.default\">\n\t\t\t\t<div class=\"elementor-widget-container\">\n\t\t\t\t\t\t\t<div class=\"elementor-divider\">\n\t\t\t<span class=\"elementor-divider-separator\">\n\t\t\t\t\t\t<\/span>\n\t\t<\/div>\n\t\t\t\t\t\t<\/div>\n\t\t\t\t<\/div>\n\t\t\t\t<div class=\"elementor-element elementor-element-72d6e59 elementor-widget elementor-widget-heading\" data-id=\"72d6e59\" data-element_type=\"widget\" data-widget_type=\"heading.default\">\n\t\t\t\t<div class=\"elementor-widget-container\">\n\t\t\t\t\t<h6 class=\"elementor-heading-title elementor-size-default\">Adorer la beaut\u00e9<\/h6>\t\t\t\t<\/div>\n\t\t\t\t<\/div>\n\t\t\t\t\t<\/div>\n\t\t<\/div>\n\t\t\t\t<div class=\"elementor-column elementor-col-50 elementor-top-column elementor-element elementor-element-367da1c3\" data-id=\"367da1c3\" data-element_type=\"column\">\n\t\t\t<div class=\"elementor-widget-wrap elementor-element-populated\">\n\t\t\t\t\t\t<div class=\"elementor-element elementor-element-2d49ee96 elementor-widget elementor-widget-text-editor\" data-id=\"2d49ee96\" data-element_type=\"widget\" data-widget_type=\"text-editor.default\">\n\t\t\t\t<div class=\"elementor-widget-container\">\n\t\t\t\t\t\t\t\t\t<p>Adore Beauty Lounge est un salon de beaut\u00e9 engag\u00e9 \u00e0 fournir les meilleurs services de beaut\u00e9 \u00e0 nos clients. Nous comprenons que la beaut\u00e9 est un aspect cl\u00e9 du bien-\u00eatre de chacun, c&#039;est pourquoi nous accordons la priorit\u00e9 \u00e0 la qualit\u00e9 et \u00e0 la satisfaction de nos clients. Notre \u00e9quipe d&#039;experts est compos\u00e9e de professionnels qualifi\u00e9s qui se consacrent \u00e0 offrir des services personnalis\u00e9s adapt\u00e9s aux besoins uniques de chaque client. <br \/>De l&#039;application de maquillage professionnel, des soins du visage personnalis\u00e9s, des coupes de cheveux et des couleurs parfaites aux massages relaxants, nous offrons une large gamme de services qui garantissent une exp\u00e9rience heureuse. Nous utilisons les derni\u00e8res techniques et des produits de haute qualit\u00e9 pour obtenir des r\u00e9sultats exceptionnels dans chaque service que nous fournissons. <\/p>\t\t\t\t\t\t\t\t<\/div>\n\t\t\t\t<\/div>\n\t\t\t\t<div class=\"elementor-element elementor-element-3c0b41c0 elementor-widget elementor-widget-text-editor\" data-id=\"3c0b41c0\" data-element_type=\"widget\" data-widget_type=\"text-editor.default\">\n\t\t\t\t<div class=\"elementor-widget-container\">\n\t\t\t\t\t\t\t\t\t<div><p>Nous sommes fiers de cr\u00e9er une atmosph\u00e8re confortable et accueillante pour tous les clients, afin que vous puissiez vous d\u00e9tendre et profiter de votre exp\u00e9rience de beaut\u00e9. Chez Adore Beauty Lounge, nous visons \u00e0 rendre chaque client satisfait et confiant dans sa beaut\u00e9 naturelle.<\/p><\/div>\t\t\t\t\t\t\t\t<\/div>\n\t\t\t\t<\/div>\n\t\t\t\t\t<\/div>\n\t\t<\/div>\n\t\t\t\t\t<\/div>\n\t\t<\/section>\n\t\t\t\t<section class=\"elementor-section elementor-top-section elementor-element elementor-element-7309f2f elementor-section-full_width elementor-section-stretched elementor-section-height-default elementor-section-height-default\" data-id=\"7309f2f\" data-element_type=\"section\" data-settings=\"{&quot;stretch_section&quot;:&quot;section-stretched&quot;,&quot;background_background&quot;:&quot;classic&quot;}\">\n\t\t\t\t\t\t\t<div class=\"elementor-background-overlay\"><\/div>\n\t\t\t\t\t\t\t<div class=\"elementor-container elementor-column-gap-default\">\n\t\t\t\t\t<div class=\"elementor-column elementor-col-100 elementor-top-column elementor-element elementor-element-d3df74f\" data-id=\"d3df74f\" data-element_type=\"column\">\n\t\t\t<div class=\"elementor-widget-wrap elementor-element-populated\">\n\t\t\t\t\t\t<div class=\"elementor-element elementor-element-5cd3f97 elementor-widget elementor-widget-spacer\" data-id=\"5cd3f97\" data-element_type=\"widget\" data-widget_type=\"spacer.default\">\n\t\t\t\t<div class=\"elementor-widget-container\">\n\t\t\t\t\t\t\t<div class=\"elementor-spacer\">\n\t\t\t<div class=\"elementor-spacer-inner\"><\/div>\n\t\t<\/div>\n\t\t\t\t\t\t<\/div>\n\t\t\t\t<\/div>\n\t\t\t\t<div class=\"elementor-element elementor-element-9e0a7a3 elementor-widget elementor-widget-heading\" data-id=\"9e0a7a3\" data-element_type=\"widget\" data-settings=\"{&quot;motion_fx_motion_fx_scrolling&quot;:&quot;yes&quot;,&quot;motion_fx_translateX_effect&quot;:&quot;yes&quot;,&quot;motion_fx_translateX_speed&quot;:{&quot;unit&quot;:&quot;px&quot;,&quot;size&quot;:7.20000000000000017763568394002504646778106689453125,&quot;sizes&quot;:[]},&quot;motion_fx_translateX_affectedRange&quot;:{&quot;unit&quot;:&quot;%&quot;,&quot;size&quot;:&quot;&quot;,&quot;sizes&quot;:{&quot;start&quot;:0,&quot;end&quot;:100}},&quot;motion_fx_devices&quot;:[&quot;desktop&quot;,&quot;tablet&quot;,&quot;mobile&quot;]}\" data-widget_type=\"heading.default\">\n\t\t\t\t<div class=\"elementor-widget-container\">\n\t\t\t\t\t<h1 class=\"elementor-heading-title elementor-size-default\">NOTRE \u00c9QUIPE<\/h1>\t\t\t\t<\/div>\n\t\t\t\t<\/div>\n\t\t\t\t\t<\/div>\n\t\t<\/div>\n\t\t\t\t\t<\/div>\n\t\t<\/section>\n\t\t\t\t<section class=\"elementor-section elementor-top-section elementor-element elementor-element-6e6c45bc elementor-section-content-middle elementor-section-boxed elementor-section-height-default elementor-section-height-default\" data-id=\"6e6c45bc\" data-element_type=\"section\">\n\t\t\t\t\t\t<div class=\"elementor-container elementor-column-gap-no\">\n\t\t\t\t\t<div class=\"elementor-column elementor-col-33 elementor-top-column elementor-element elementor-element-53b75183\" data-id=\"53b75183\" data-element_type=\"column\">\n\t\t\t<div class=\"elementor-widget-wrap elementor-element-populated\">\n\t\t\t\t\t\t<div class=\"elementor-element elementor-element-2b5d328c elementor-widget elementor-widget-text-editor\" data-id=\"2b5d328c\" data-element_type=\"widget\" data-widget_type=\"text-editor.default\">\n\t\t\t\t<div class=\"elementor-widget-container\">\n\t\t\t\t\t\t\t\t\t<p>Salon de beaut\u00e9 Adore<\/p>\t\t\t\t\t\t\t\t<\/div>\n\t\t\t\t<\/div>\n\t\t\t\t<div class=\"elementor-element elementor-element-2c73c7cd elementor-widget elementor-widget-heading\" data-id=\"2c73c7cd\" data-element_type=\"widget\" data-widget_type=\"heading.default\">\n\t\t\t\t<div class=\"elementor-widget-container\">\n\t\t\t\t\t<h3 class=\"elementor-heading-title elementor-size-default\">DUBAI<\/h3>\t\t\t\t<\/div>\n\t\t\t\t<\/div>\n\t\t\t\t<div class=\"elementor-element elementor-element-71149a0b elementor-widget elementor-widget-image\" data-id=\"71149a0b\" data-element_type=\"widget\" data-widget_type=\"image.default\">\n\t\t\t\t<div class=\"elementor-widget-container\">\n\t\t\t\t\t\t\t\t\t\t\t\t\t\t\t<img fetchpriority=\"high\" decoding=\"async\" width=\"1024\" height=\"682\" src=\"https:\/\/adorebeautylounge.ae\/wp-content\/uploads\/2023\/06\/DSC09040-Large-1024x682.jpeg\" class=\"elementor-animation-grow attachment-large size-large wp-image-4570\" alt=\"\" srcset=\"https:\/\/adorebeautylounge.ae\/wp-content\/uploads\/2023\/06\/DSC09040-Large-1024x682.jpeg 1024w, https:\/\/adorebeautylounge.ae\/wp-content\/uploads\/2023\/06\/DSC09040-Large-300x200.jpeg 300w, https:\/\/adorebeautylounge.ae\/wp-content\/uploads\/2023\/06\/DSC09040-Large-768x512.jpeg 768w, https:\/\/adorebeautylounge.ae\/wp-content\/uploads\/2023\/06\/DSC09040-Large-18x12.jpeg 18w, https:\/\/adorebeautylounge.ae\/wp-content\/uploads\/2023\/06\/DSC09040-Large-600x400.jpeg 600w, https:\/\/adorebeautylounge.ae\/wp-content\/uploads\/2023\/06\/DSC09040-Large-120x80.jpeg 120w, https:\/\/adorebeautylounge.ae\/wp-content\/uploads\/2023\/06\/DSC09040-Large.jpeg 1280w\" sizes=\"(max-width: 1024px) 100vw, 1024px\" \/>\t\t\t\t\t\t\t\t\t\t\t\t\t\t\t<\/div>\n\t\t\t\t<\/div>\n\t\t\t\t<div class=\"elementor-element elementor-element-525439d elementor-widget elementor-widget-text-editor\" data-id=\"525439d\" data-element_type=\"widget\" data-widget_type=\"text-editor.default\">\n\t\t\t\t<div class=\"elementor-widget-container\">\n\t\t\t\t\t\t\t\t\t<p>Venez vous faire plaisir au Adore Beauty Lounge, o\u00f9 vous profiterez de l&#039;ultime exp\u00e9rience de soins. Obtenez le meilleur des deux mondes avec notre offre exclusive de services \u00e0 prix r\u00e9duits et de boissons compl\u00e9mentaires.<\/p>\t\t\t\t\t\t\t\t<\/div>\n\t\t\t\t<\/div>\n\t\t\t\t\t<\/div>\n\t\t<\/div>\n\t\t\t\t<div class=\"elementor-column elementor-col-33 elementor-top-column elementor-element elementor-element-6d594fa6\" data-id=\"6d594fa6\" data-element_type=\"column\">\n\t\t\t<div class=\"elementor-widget-wrap elementor-element-populated\">\n\t\t\t\t\t\t<div class=\"elementor-element elementor-element-49cb81a elementor-widget elementor-widget-text-editor\" data-id=\"49cb81a\" data-element_type=\"widget\" data-widget_type=\"text-editor.default\">\n\t\t\t\t<div class=\"elementor-widget-container\">\n\t\t\t\t\t\t\t\t\t<p>D\u00e9tendez-vous et d\u00e9tendez-vous dans notre salon luxueux avec une coupe de champagne ou un th\u00e9 rafra\u00eechissant pendant que nos professionnels qualifi\u00e9s r\u00e9pondent \u00e0 tous vos besoins de beaut\u00e9. Que vous souhaitiez une nouvelle coupe de cheveux fra\u00eeche, une cure de jouvence glamour ou un soin du visage rajeunissant, notre personnel hautement qualifi\u00e9 veillera \u00e0 ce que vous repartiez en vous sentant renouvel\u00e9 et rafra\u00eechi.\u00a0<\/p>\t\t\t\t\t\t\t\t<\/div>\n\t\t\t\t<\/div>\n\t\t\t\t<div class=\"elementor-element elementor-element-f8bb326 elementor-widget elementor-widget-image\" data-id=\"f8bb326\" data-element_type=\"widget\" data-widget_type=\"image.default\">\n\t\t\t\t<div class=\"elementor-widget-container\">\n\t\t\t\t\t\t\t\t\t\t\t\t\t\t\t<img decoding=\"async\" width=\"1024\" height=\"682\" src=\"https:\/\/adorebeautylounge.ae\/wp-content\/uploads\/2023\/06\/DSC08809-Large-1024x682.jpeg\" class=\"elementor-animation-grow attachment-large size-large wp-image-4547\" alt=\"\" srcset=\"https:\/\/adorebeautylounge.ae\/wp-content\/uploads\/2023\/06\/DSC08809-Large-1024x682.jpeg 1024w, https:\/\/adorebeautylounge.ae\/wp-content\/uploads\/2023\/06\/DSC08809-Large-300x200.jpeg 300w, https:\/\/adorebeautylounge.ae\/wp-content\/uploads\/2023\/06\/DSC08809-Large-768x512.jpeg 768w, https:\/\/adorebeautylounge.ae\/wp-content\/uploads\/2023\/06\/DSC08809-Large-18x12.jpeg 18w, https:\/\/adorebeautylounge.ae\/wp-content\/uploads\/2023\/06\/DSC08809-Large-600x400.jpeg 600w, https:\/\/adorebeautylounge.ae\/wp-content\/uploads\/2023\/06\/DSC08809-Large-120x80.jpeg 120w, https:\/\/adorebeautylounge.ae\/wp-content\/uploads\/2023\/06\/DSC08809-Large.jpeg 1280w\" sizes=\"(max-width: 1024px) 100vw, 1024px\" \/>\t\t\t\t\t\t\t\t\t\t\t\t\t\t\t<\/div>\n\t\t\t\t<\/div>\n\t\t\t\t\t<\/div>\n\t\t<\/div>\n\t\t\t\t<div class=\"elementor-column elementor-col-33 elementor-top-column elementor-element elementor-element-7350aa91\" data-id=\"7350aa91\" data-element_type=\"column\">\n\t\t\t<div class=\"elementor-widget-wrap elementor-element-populated\">\n\t\t\t\t\t\t<div class=\"elementor-element elementor-element-181232a6 elementor-widget elementor-widget-image\" data-id=\"181232a6\" data-element_type=\"widget\" data-widget_type=\"image.default\">\n\t\t\t\t<div class=\"elementor-widget-container\">\n\t\t\t\t\t\t\t\t\t\t\t\t\t\t\t<img decoding=\"async\" width=\"1280\" height=\"853\" src=\"https:\/\/adorebeautylounge.ae\/wp-content\/uploads\/2023\/06\/DSC09043-Large.jpeg\" class=\"elementor-animation-grow attachment-full size-full wp-image-4571\" alt=\"\" srcset=\"https:\/\/adorebeautylounge.ae\/wp-content\/uploads\/2023\/06\/DSC09043-Large.jpeg 1280w, https:\/\/adorebeautylounge.ae\/wp-content\/uploads\/2023\/06\/DSC09043-Large-300x200.jpeg 300w, https:\/\/adorebeautylounge.ae\/wp-content\/uploads\/2023\/06\/DSC09043-Large-1024x682.jpeg 1024w, https:\/\/adorebeautylounge.ae\/wp-content\/uploads\/2023\/06\/DSC09043-Large-768x512.jpeg 768w, https:\/\/adorebeautylounge.ae\/wp-content\/uploads\/2023\/06\/DSC09043-Large-18x12.jpeg 18w, https:\/\/adorebeautylounge.ae\/wp-content\/uploads\/2023\/06\/DSC09043-Large-600x400.jpeg 600w, https:\/\/adorebeautylounge.ae\/wp-content\/uploads\/2023\/06\/DSC09043-Large-120x80.jpeg 120w\" sizes=\"(max-width: 1280px) 100vw, 1280px\" \/>\t\t\t\t\t\t\t\t\t\t\t\t\t\t\t<\/div>\n\t\t\t\t<\/div>\n\t\t\t\t<div class=\"elementor-element elementor-element-5f088cf5 elementor-widget elementor-widget-text-editor\" data-id=\"5f088cf5\" data-element_type=\"widget\" data-widget_type=\"text-editor.default\">\n\t\t\t\t<div class=\"elementor-widget-container\">\n\t\t\t\t\t\t\t\t\t<p>\u00a0Profitez de notre offre \u00e0 dur\u00e9e limit\u00e9e et r\u00e9servez votre rendez-vous d\u00e8s aujourd&#039;hui. Nous avons h\u00e2te de vous accueillir au Adore Beauty Lounge !<\/p>\t\t\t\t\t\t\t\t<\/div>\n\t\t\t\t<\/div>\n\t\t\t\t\t<\/div>\n\t\t<\/div>\n\t\t\t\t\t<\/div>\n\t\t<\/section>\n\t\t\t\t<\/div>","protected":false},"excerpt":{"rendered":"<p>\u00c0 propos d&#039;Adore Beauty Adore Beauty Lounge est un salon de beaut\u00e9 qui s&#039;engage \u00e0 fournir les meilleurs services de beaut\u00e9 \u00e0 nos clients. Nous comprenons que la beaut\u00e9 est un aspect cl\u00e9 du bien-\u00eatre de chacun, c&#039;est pourquoi nous accordons la priorit\u00e9 \u00e0 la qualit\u00e9 et \u00e0 la satisfaction de nos clients. Notre \u00e9quipe d&#039;experts est compos\u00e9e de professionnels qualifi\u00e9s qui se consacrent \u00e0 offrir des services personnalis\u00e9s [\u2026]<\/p>","protected":false},"author":1,"featured_media":0,"parent":0,"menu_order":0,"comment_status":"closed","ping_status":"closed","template":"elementor_header_footer","meta":{"_acf_changed":false,"inline_featured_image":false,"footnotes":""},"class_list":["post-4609","page","type-page","status-publish","hentry"],"acf":[],"yoast_head":"<!-- This site is optimized with the Yoast SEO plugin v26.9 - https:\/\/yoast.com\/product\/yoast-seo-wordpress\/ -->\n<title>Discover Adore Beauty Lounge | Our Legacy &amp; Excellence in Beauty<\/title>\n<meta name=\"description\" content=\"Get to know Adore Beauty Lounge, where we blend passion with expertise. Discover our commitment to unparalleled beauty services in Dubai &amp; Sharjah.\" \/>\n<meta name=\"robots\" content=\"index, follow, max-snippet:-1, max-image-preview:large, max-video-preview:-1\" \/>\n<link rel=\"canonical\" href=\"https:\/\/adorebeautylounge.ae\/fr\/a-propos-de-nous\/\" \/>\n<meta property=\"og:locale\" content=\"fr_FR\" \/>\n<meta property=\"og:type\" content=\"article\" \/>\n<meta property=\"og:title\" content=\"Discover Adore Beauty Lounge | Our Legacy &amp; Excellence in Beauty\" \/>\n<meta property=\"og:description\" content=\"Get to know Adore Beauty Lounge, where we blend passion with expertise. Discover our commitment to unparalleled beauty services in Dubai &amp; Sharjah.\" \/>\n<meta property=\"og:url\" content=\"https:\/\/adorebeautylounge.ae\/fr\/a-propos-de-nous\/\" \/>\n<meta property=\"og:site_name\" content=\"Adore Beauty\" \/>\n<meta property=\"article:modified_time\" content=\"2023-09-30T09:46:33+00:00\" \/>\n<meta property=\"og:image\" content=\"https:\/\/adorebeautylounge.ae\/wp-content\/uploads\/2023\/06\/DSC09040-Large-1024x682.jpeg\" \/>\n<meta name=\"twitter:card\" content=\"summary_large_image\" \/>\n<meta name=\"twitter:label1\" content=\"Dur\u00e9e de lecture estim\u00e9e\" \/>\n\t<meta name=\"twitter:data1\" content=\"2 minutes\" \/>\n<script type=\"application\/ld+json\" class=\"yoast-schema-graph\">{\"@context\":\"https:\/\/schema.org\",\"@graph\":[{\"@type\":\"WebPage\",\"@id\":\"https:\/\/adorebeautylounge.ae\/en\/about-us\/\",\"url\":\"https:\/\/adorebeautylounge.ae\/en\/about-us\/\",\"name\":\"Discover Adore Beauty Lounge | Our Legacy & Excellence in Beauty\",\"isPartOf\":{\"@id\":\"http:\/\/box5216.temp.domains\/~adorebe1\/#website\"},\"primaryImageOfPage\":{\"@id\":\"https:\/\/adorebeautylounge.ae\/en\/about-us\/#primaryimage\"},\"image\":{\"@id\":\"https:\/\/adorebeautylounge.ae\/en\/about-us\/#primaryimage\"},\"thumbnailUrl\":\"https:\/\/adorebeautylounge.ae\/wp-content\/uploads\/2023\/06\/DSC09040-Large-1024x682.jpeg\",\"datePublished\":\"2023-06-06T09:12:47+00:00\",\"dateModified\":\"2023-09-30T09:46:33+00:00\",\"description\":\"Get to know Adore Beauty Lounge, where we blend passion with expertise. Discover our commitment to unparalleled beauty services in Dubai & Sharjah.\",\"breadcrumb\":{\"@id\":\"https:\/\/adorebeautylounge.ae\/en\/about-us\/#breadcrumb\"},\"inLanguage\":\"fr-FR\",\"potentialAction\":[{\"@type\":\"ReadAction\",\"target\":[\"https:\/\/adorebeautylounge.ae\/en\/about-us\/\"]}]},{\"@type\":\"ImageObject\",\"inLanguage\":\"fr-FR\",\"@id\":\"https:\/\/adorebeautylounge.ae\/en\/about-us\/#primaryimage\",\"url\":\"https:\/\/adorebeautylounge.ae\/wp-content\/uploads\/2023\/06\/DSC09040-Large-1024x682.jpeg\",\"contentUrl\":\"https:\/\/adorebeautylounge.ae\/wp-content\/uploads\/2023\/06\/DSC09040-Large-1024x682.jpeg\"},{\"@type\":\"BreadcrumbList\",\"@id\":\"https:\/\/adorebeautylounge.ae\/en\/about-us\/#breadcrumb\",\"itemListElement\":[{\"@type\":\"ListItem\",\"position\":1,\"name\":\"Home\",\"item\":\"https:\/\/adorebeautylounge.ae\/en\/\"},{\"@type\":\"ListItem\",\"position\":2,\"name\":\"About Us\"}]},{\"@type\":\"WebSite\",\"@id\":\"http:\/\/box5216.temp.domains\/~adorebe1\/#website\",\"url\":\"http:\/\/box5216.temp.domains\/~adorebe1\/\",\"name\":\"Adore Beauty\",\"description\":\"\",\"potentialAction\":[{\"@type\":\"SearchAction\",\"target\":{\"@type\":\"EntryPoint\",\"urlTemplate\":\"http:\/\/box5216.temp.domains\/~adorebe1\/?s={search_term_string}\"},\"query-input\":{\"@type\":\"PropertyValueSpecification\",\"valueRequired\":true,\"valueName\":\"search_term_string\"}}],\"inLanguage\":\"fr-FR\"}]}<\/script>\n<!-- \/ Yoast SEO plugin. -->","yoast_head_json":{"title":"Discover Adore Beauty Lounge | Our Legacy & Excellence in Beauty","description":"Get to know Adore Beauty Lounge, where we blend passion with expertise. Discover our commitment to unparalleled beauty services in Dubai & Sharjah.","robots":{"index":"index","follow":"follow","max-snippet":"max-snippet:-1","max-image-preview":"max-image-preview:large","max-video-preview":"max-video-preview:-1"},"canonical":"https:\/\/adorebeautylounge.ae\/fr\/a-propos-de-nous\/","og_locale":"fr_FR","og_type":"article","og_title":"Discover Adore Beauty Lounge | Our Legacy & Excellence in Beauty","og_description":"Get to know Adore Beauty Lounge, where we blend passion with expertise. Discover our commitment to unparalleled beauty services in Dubai & Sharjah.","og_url":"https:\/\/adorebeautylounge.ae\/fr\/a-propos-de-nous\/","og_site_name":"Adore Beauty","article_modified_time":"2023-09-30T09:46:33+00:00","og_image":[{"url":"https:\/\/adorebeautylounge.ae\/wp-content\/uploads\/2023\/06\/DSC09040-Large-1024x682.jpeg","type":"","width":"","height":""}],"twitter_card":"summary_large_image","twitter_misc":{"Dur\u00e9e de lecture estim\u00e9e":"2 minutes"},"schema":{"@context":"https:\/\/schema.org","@graph":[{"@type":"WebPage","@id":"https:\/\/adorebeautylounge.ae\/en\/about-us\/","url":"https:\/\/adorebeautylounge.ae\/en\/about-us\/","name":"Discover Adore Beauty Lounge | Our Legacy & Excellence in Beauty","isPartOf":{"@id":"http:\/\/box5216.temp.domains\/~adorebe1\/#website"},"primaryImageOfPage":{"@id":"https:\/\/adorebeautylounge.ae\/en\/about-us\/#primaryimage"},"image":{"@id":"https:\/\/adorebeautylounge.ae\/en\/about-us\/#primaryimage"},"thumbnailUrl":"https:\/\/adorebeautylounge.ae\/wp-content\/uploads\/2023\/06\/DSC09040-Large-1024x682.jpeg","datePublished":"2023-06-06T09:12:47+00:00","dateModified":"2023-09-30T09:46:33+00:00","description":"Get to know Adore Beauty Lounge, where we blend passion with expertise. Discover our commitment to unparalleled beauty services in Dubai & Sharjah.","breadcrumb":{"@id":"https:\/\/adorebeautylounge.ae\/en\/about-us\/#breadcrumb"},"inLanguage":"fr-FR","potentialAction":[{"@type":"ReadAction","target":["https:\/\/adorebeautylounge.ae\/en\/about-us\/"]}]},{"@type":"ImageObject","inLanguage":"fr-FR","@id":"https:\/\/adorebeautylounge.ae\/en\/about-us\/#primaryimage","url":"https:\/\/adorebeautylounge.ae\/wp-content\/uploads\/2023\/06\/DSC09040-Large-1024x682.jpeg","contentUrl":"https:\/\/adorebeautylounge.ae\/wp-content\/uploads\/2023\/06\/DSC09040-Large-1024x682.jpeg"},{"@type":"BreadcrumbList","@id":"https:\/\/adorebeautylounge.ae\/en\/about-us\/#breadcrumb","itemListElement":[{"@type":"ListItem","position":1,"name":"Home","item":"https:\/\/adorebeautylounge.ae\/en\/"},{"@type":"ListItem","position":2,"name":"About Us"}]},{"@type":"WebSite","@id":"http:\/\/box5216.temp.domains\/~adorebe1\/#website","url":"http:\/\/box5216.temp.domains\/~adorebe1\/","name":"Adore Beauty","description":"","potentialAction":[{"@type":"SearchAction","target":{"@type":"EntryPoint","urlTemplate":"http:\/\/box5216.temp.domains\/~adorebe1\/?s={search_term_string}"},"query-input":{"@type":"PropertyValueSpecification","valueRequired":true,"valueName":"search_term_string"}}],"inLanguage":"fr-FR"}]}},"_links":{"self":[{"href":"https:\/\/adorebeautylounge.ae\/fr\/wp-json\/wp\/v2\/pages\/4609","targetHints":{"allow":["GET"]}}],"collection":[{"href":"https:\/\/adorebeautylounge.ae\/fr\/wp-json\/wp\/v2\/pages"}],"about":[{"href":"https:\/\/adorebeautylounge.ae\/fr\/wp-json\/wp\/v2\/types\/page"}],"author":[{"embeddable":true,"href":"https:\/\/adorebeautylounge.ae\/fr\/wp-json\/wp\/v2\/users\/1"}],"replies":[{"embeddable":true,"href":"https:\/\/adorebeautylounge.ae\/fr\/wp-json\/wp\/v2\/comments?post=4609"}],"version-history":[{"count":20,"href":"https:\/\/adorebeautylounge.ae\/fr\/wp-json\/wp\/v2\/pages\/4609\/revisions"}],"predecessor-version":[{"id":5958,"href":"https:\/\/adorebeautylounge.ae\/fr\/wp-json\/wp\/v2\/pages\/4609\/revisions\/5958"}],"wp:attachment":[{"href":"https:\/\/adorebeautylounge.ae\/fr\/wp-json\/wp\/v2\/media?parent=4609"}],"curies":[{"name":"wp","href":"https:\/\/api.w.org\/{rel}","templated":true}]}}